 {"id":34296,"date":"2021-10-23T21:08:02","date_gmt":"2021-10-23T19:08:02","guid":{"rendered":"http:\/\/al.comoditahome.com\/?post_type=product&#038;p=34296"},"modified":"2026-03-02T09:11:19","modified_gmt":"2026-03-02T07:11:19","slug":"objekt-dekorativ-ne-forme-elefanti","status":"publish","type":"product","link":"https:\/\/www.comoditahome.com\/al\/product\/objekt-dekorativ-ne-forme-elefanti\/","title":{"rendered":"Objekt dekorativ n\u00eb form\u00eb Elefanti"},"content":{"rendered":"","protected":false},"excerpt":{"rendered":"<p style=\"text-align: left;\">Objekti dekorativ n\u00eb pamjen e Elefantit, p\u00ebrmes pamjes s\u00eb tij t\u00eb paq\u00ebsore, prezanton nj\u00eb stil unik t\u00eb stilimit t\u00eb sht\u00ebpis\u00eb. Kjo skulptur\u00eb kaq speciale, dallohet p\u00ebr shk\u00eblqimin e art\u00eb, k\u00ebndet simetrike dhe detajet e rafinuara t\u00eb tipareve t\u00eb fytyr\u00eb.<br \/>\n<strong>Dimensioni \/ Kompozicioni:<\/strong> 28x21x16cm<br \/>\n<strong>NGJYRA:<\/strong> Ari<br \/>\n<strong>MATERIALI:<\/strong> Plastik\u00eb<br \/>\n<strong>UDH\u00cbZIMET E P\u00cbRDORIMIT:<\/strong> T\u00eb pastrohet me pastruese pluhuri<br \/>\n<strong>KUSHTET E KTHIMIT \/ GARANCION:<\/strong>P\u00ebr k\u00ebt\u00eb produkt pranohet reklamacion brenda 24 or\u00ebve pasi t\u00eb pranoni porosin\u00eb.<\/p>\n","protected":false},"featured_media":32292,"template":"","meta":[],"product_cat":[67,49,51],"product_tag":[],"_links":{"self":[{"href":"https:\/\/www.comoditahome.com\/al\/wp-json\/wp\/v2\/product\/34296"}],"collection":[{"href":"https:\/\/www.comoditahome.com\/al\/wp-json\/wp\/v2\/product"}],"about":[{"href":"https:\/\/www.comoditahome.com\/al\/wp-json\/wp\/v2\/types\/product"}],"version-history":[{"count":0,"href":"https:\/\/www.comoditahome.com\/al\/wp-json\/wp\/v2\/product\/34296\/revisions"}],"wp:featuredmedia":[{"embeddable":true,"href":"https:\/\/www.comoditahome.com\/al\/wp-json\/wp\/v2\/media\/32292"}],"wp:attachment":[{"href":"https:\/\/www.comoditahome.com\/al\/wp-json\/wp\/v2\/media?parent=34296"}],"wp:term":[{"taxonomy":"product_cat","embeddable":true,"href":"https:\/\/www.comoditahome.com\/al\/wp-json\/wp\/v2\/product_cat?post=34296"},{"taxonomy":"product_tag","embeddable":true,"href":"https:\/\/www.comoditahome.com\/al\/wp-json\/wp\/v2\/product_tag?post=34296"}],"curies":[{"name":"wp","href":"https:\/\/api.w.org\/{rel}","templated":true}]}}