 {"id":34303,"date":"2021-10-23T21:08:04","date_gmt":"2021-10-23T19:08:04","guid":{"rendered":"http:\/\/al.comoditahome.com\/?post_type=product&#038;p=34303"},"modified":"2026-04-23T08:59:55","modified_gmt":"2026-04-23T06:59:55","slug":"pasqyre-convex","status":"publish","type":"product","link":"https:\/\/www.comoditahome.com\/al\/product\/pasqyre-convex\/","title":{"rendered":"Pasqyr\u00eb Convex"},"content":{"rendered":"","protected":false},"excerpt":{"rendered":"<p style=\"text-align: left;\">Pasqyra Convex dallohet p\u00ebr ngjyr\u00ebn e err\u00ebt dhe elementet abstrakte t\u00eb t\u00ebr\u00eb korniz\u00ebs. Varet leht\u00ebsisht n\u00eb muret e sht\u00ebpis\u00eb suaj, duke dhuruar nj\u00eb reflektim t\u00eb k\u00ebndsh\u00ebm. Jepni nuanca minimaliste ambientit tuaj t\u00eb sht\u00ebpis\u00eb<br \/>\n<strong>Dimensioni \/ Kompozicioni:<\/strong> 20x20x3cm<br \/>\n<strong>NGJYRA:<\/strong> E zez\u00eb<br \/>\n<strong>MATERIALI:<\/strong> Pasqyr\u00eb me plastik\u00eb<br \/>\n<strong>UDH\u00cbZIMET E P\u00cbRDORIMIT:<\/strong> T\u00eb pastrohet me pastruese pluhuri<br \/>\n<strong>KUSHTET E KTHIMIT \/ GARANCION:<\/strong>P\u00ebr k\u00ebt\u00eb produkt pranohet reklamacion brenda 24 or\u00ebve pasi t\u00eb pranoni porosin\u00eb.<\/p>\n","protected":false},"featured_media":32346,"template":"","meta":[],"product_cat":[49,51,71],"product_tag":[],"_links":{"self":[{"href":"https:\/\/www.comoditahome.com\/al\/wp-json\/wp\/v2\/product\/34303"}],"collection":[{"href":"https:\/\/www.comoditahome.com\/al\/wp-json\/wp\/v2\/product"}],"about":[{"href":"https:\/\/www.comoditahome.com\/al\/wp-json\/wp\/v2\/types\/product"}],"version-history":[{"count":0,"href":"https:\/\/www.comoditahome.com\/al\/wp-json\/wp\/v2\/product\/34303\/revisions"}],"wp:featuredmedia":[{"embeddable":true,"href":"https:\/\/www.comoditahome.com\/al\/wp-json\/wp\/v2\/media\/32346"}],"wp:attachment":[{"href":"https:\/\/www.comoditahome.com\/al\/wp-json\/wp\/v2\/media?parent=34303"}],"wp:term":[{"taxonomy":"product_cat","embeddable":true,"href":"https:\/\/www.comoditahome.com\/al\/wp-json\/wp\/v2\/product_cat?post=34303"},{"taxonomy":"product_tag","embeddable":true,"href":"https:\/\/www.comoditahome.com\/al\/wp-json\/wp\/v2\/product_tag?post=34303"}],"curies":[{"name":"wp","href":"https:\/\/api.w.org\/{rel}","templated":true}]}}