 {"id":34308,"date":"2021-10-23T21:08:04","date_gmt":"2021-10-23T19:08:04","guid":{"rendered":"http:\/\/al.comoditahome.com\/?post_type=product&#038;p=34308"},"modified":"2026-03-02T09:11:20","modified_gmt":"2026-03-02T07:11:20","slug":"pasqyre-water-drop","status":"publish","type":"product","link":"https:\/\/www.comoditahome.com\/al\/product\/pasqyre-water-drop\/","title":{"rendered":"Pasqyr\u00eb Water Drop"},"content":{"rendered":"","protected":false},"excerpt":{"rendered":"<p style=\"text-align: left;\">Pasqyra Water Drop dallohet p\u00ebr form\u00ebn e ve\u00e7ant\u00eb t\u00eb pik\u00ebs s\u00eb ujit dhe detajet speciale t\u00eb punuara me delikates\u00eb n\u00eb gjith\u00eb korniz\u00ebn. Varet leht\u00ebsisht n\u00eb muret e sht\u00ebpis\u00eb suaj, duke dhuruar nj\u00eb reflektim t\u00eb k\u00ebndsh\u00ebm.<br \/>\n<strong>Dimensioni \/ Kompozicioni:<\/strong> 35x21x2cm<br \/>\n<strong>NGJYRA:<\/strong> Me dizajn<br \/>\n<strong>MATERIALI:<\/strong> Pasqyr\u00eb me plastik\u00eb<br \/>\n<strong>UDH\u00cbZIMET E P\u00cbRDORIMIT:<\/strong> T\u00eb pastrohet me pastruese pluhuri<br \/>\n<strong>KUSHTET E KTHIMIT \/ GARANCION:<\/strong>P\u00ebr k\u00ebt\u00eb produkt pranohet reklamacion brenda 24 or\u00ebve pasi t\u00eb pranoni porosin\u00eb.<\/p>\n","protected":false},"featured_media":32376,"template":"","meta":[],"product_cat":[49,51,71],"product_tag":[],"_links":{"self":[{"href":"https:\/\/www.comoditahome.com\/al\/wp-json\/wp\/v2\/product\/34308"}],"collection":[{"href":"https:\/\/www.comoditahome.com\/al\/wp-json\/wp\/v2\/product"}],"about":[{"href":"https:\/\/www.comoditahome.com\/al\/wp-json\/wp\/v2\/types\/product"}],"version-history":[{"count":0,"href":"https:\/\/www.comoditahome.com\/al\/wp-json\/wp\/v2\/product\/34308\/revisions"}],"wp:featuredmedia":[{"embeddable":true,"href":"https:\/\/www.comoditahome.com\/al\/wp-json\/wp\/v2\/media\/32376"}],"wp:attachment":[{"href":"https:\/\/www.comoditahome.com\/al\/wp-json\/wp\/v2\/media?parent=34308"}],"wp:term":[{"taxonomy":"product_cat","embeddable":true,"href":"https:\/\/www.comoditahome.com\/al\/wp-json\/wp\/v2\/product_cat?post=34308"},{"taxonomy":"product_tag","embeddable":true,"href":"https:\/\/www.comoditahome.com\/al\/wp-json\/wp\/v2\/product_tag?post=34308"}],"curies":[{"name":"wp","href":"https:\/\/api.w.org\/{rel}","templated":true}]}}