 {"id":34319,"date":"2021-10-23T21:08:15","date_gmt":"2021-10-23T19:08:15","guid":{"rendered":"http:\/\/al.comoditahome.com\/?post_type=product&#038;p=34319"},"modified":"2026-04-09T11:54:35","modified_gmt":"2026-04-09T09:54:35","slug":"set-carcafesh-linda-per-dy-persona","status":"publish","type":"product","link":"https:\/\/www.comoditahome.com\/al\/product\/set-carcafesh-linda-per-dy-persona\/","title":{"rendered":"Set \u00e7ar\u00e7af\u00ebsh Linda p\u00ebr dy persona"},"content":{"rendered":"","protected":false},"excerpt":{"rendered":"<p style=\"text-align: left;\">Seti i \u00e7ar\u00e7af\u00ebve Linda prezantohet me nj\u00eb dizajn special me pikturime t\u00eb hijshme t\u00eb luleve. P\u00ebrjetoni qet\u00ebsin\u00eb dhe rehatin\u00eb q\u00eb ju duhet p\u00ebr t\u00eb b\u00ebr\u00eb gjumin m\u00eb cil\u00ebsor. Ky set \u00e7ar\u00e7af\u00ebsh ju mund\u00ebson ambient higjenik larg alergjive dhe bakterieve.<br \/>\n<strong>Dimensioni \/ Kompozicioni:<\/strong>Set me 4 pjes\u00eb: 1x k\u00ebll\u00ebf jorgani 200x200cm, 1x \u00e7ar\u00e7af i dyshekut 240x260cm, 2x k\u00ebll\u00ebf jast\u00ebk\u00ebsh 50x70cm<br \/>\n<strong>NGJYRA:<\/strong> Me dizajn<br \/>\n<strong>MATERIALI:<\/strong> 100% Pambuk<br \/>\n<strong>UDH\u00cbZIMET E P\u00cbRDORIMIT:<\/strong> N\u00eb makin\u00eb lar\u00ebse 30\u00b0C<br \/>\n<strong>KUSHTET E KTHIMIT \/ GARANCION:<\/strong> P\u00ebr shkak t\u00eb kontaktit me higjien\u00eb personale, p\u00ebr produktet e tekstilit nuk pranohen kthime apo reklamacione.<\/p>\n","protected":false},"featured_media":32430,"template":"","meta":[],"product_cat":[51,52],"product_tag":[],"_links":{"self":[{"href":"https:\/\/www.comoditahome.com\/al\/wp-json\/wp\/v2\/product\/34319"}],"collection":[{"href":"https:\/\/www.comoditahome.com\/al\/wp-json\/wp\/v2\/product"}],"about":[{"href":"https:\/\/www.comoditahome.com\/al\/wp-json\/wp\/v2\/types\/product"}],"version-history":[{"count":0,"href":"https:\/\/www.comoditahome.com\/al\/wp-json\/wp\/v2\/product\/34319\/revisions"}],"wp:featuredmedia":[{"embeddable":true,"href":"https:\/\/www.comoditahome.com\/al\/wp-json\/wp\/v2\/media\/32430"}],"wp:attachment":[{"href":"https:\/\/www.comoditahome.com\/al\/wp-json\/wp\/v2\/media?parent=34319"}],"wp:term":[{"taxonomy":"product_cat","embeddable":true,"href":"https:\/\/www.comoditahome.com\/al\/wp-json\/wp\/v2\/product_cat?post=34319"},{"taxonomy":"product_tag","embeddable":true,"href":"https:\/\/www.comoditahome.com\/al\/wp-json\/wp\/v2\/product_tag?post=34319"}],"curies":[{"name":"wp","href":"https:\/\/api.w.org\/{rel}","templated":true}]}}