 {"id":34320,"date":"2021-10-23T21:08:15","date_gmt":"2021-10-23T19:08:15","guid":{"rendered":"http:\/\/al.comoditahome.com\/?post_type=product&#038;p=34320"},"modified":"2026-03-02T09:11:20","modified_gmt":"2026-03-02T07:11:20","slug":"set-carcafesh-siena-per-dy-persona","status":"publish","type":"product","link":"https:\/\/www.comoditahome.com\/al\/product\/set-carcafesh-siena-per-dy-persona\/","title":{"rendered":"Set \u00e7ar\u00e7af\u00ebsh Siena p\u00ebr dy persona"},"content":{"rendered":"","protected":false},"excerpt":{"rendered":"<p style=\"text-align: left\">Seti i \u00e7ar\u00e7af\u00ebve Siena sjell sezon\u00ebn verore n\u00eb dhom\u00ebn tuaj t\u00eb gjumit. Me nj\u00eb stilim t\u00eb ve\u00e7ant\u00eb me vizatime t\u00eb luleve dhe nj\u00eb sip\u00ebrfaqe t\u00eb bardh\u00eb t\u00eb sh\u00ebndritshme, ky set do t\u00eb hijeshoj dhom\u00ebn tuaj mahnitsh\u00ebm. P\u00ebrjetoni qet\u00ebsin\u00eb dhe rehatin\u00eb q\u00eb ju duhet p\u00ebr t\u00eb b\u00ebr\u00eb gjumin m\u00eb cil\u00ebsor. Ky set \u00e7ar\u00e7af\u00ebsh ju mund\u00ebson ambient higjenik larg alergjive dhe bakterieve.<br \/>\n<strong>Dimensioni \/ Kompozicioni:<\/strong>Set me 4 pjes\u00eb: 1x k\u00ebll\u00ebf jorgani 200x220cm, 1x \u00e7ar\u00e7af i dyshekut 240x260cm, 2x k\u00ebll\u00ebf jast\u00ebk\u00ebsh 50x70cm<br \/>\n<strong>NGJYRA:<\/strong> Me dizajn<br \/>\n<strong>MATERIALI:<\/strong> 100% Pambuk<br \/>\n<strong>UDH\u00cbZIMET E P\u00cbRDORIMIT:<\/strong> N\u00eb makin\u00eb lar\u00ebse 30\u00b0C<br \/>\n<strong>KUSHTET E KTHIMIT \/ GARANCION:<\/strong> P\u00ebr shkak t\u00eb kontaktit me higjien\u00eb personale, p\u00ebr produktet e tekstilit nuk pranohen kthime apo reklamacione.<\/p>\n","protected":false},"featured_media":32438,"template":"","meta":[],"product_cat":[51,52],"product_tag":[],"_links":{"self":[{"href":"https:\/\/www.comoditahome.com\/al\/wp-json\/wp\/v2\/product\/34320"}],"collection":[{"href":"https:\/\/www.comoditahome.com\/al\/wp-json\/wp\/v2\/product"}],"about":[{"href":"https:\/\/www.comoditahome.com\/al\/wp-json\/wp\/v2\/types\/product"}],"version-history":[{"count":1,"href":"https:\/\/www.comoditahome.com\/al\/wp-json\/wp\/v2\/product\/34320\/revisions"}],"predecessor-version":[{"id":55266,"href":"https:\/\/www.comoditahome.com\/al\/wp-json\/wp\/v2\/product\/34320\/revisions\/55266"}],"wp:featuredmedia":[{"embeddable":true,"href":"https:\/\/www.comoditahome.com\/al\/wp-json\/wp\/v2\/media\/32438"}],"wp:attachment":[{"href":"https:\/\/www.comoditahome.com\/al\/wp-json\/wp\/v2\/media?parent=34320"}],"wp:term":[{"taxonomy":"product_cat","embeddable":true,"href":"https:\/\/www.comoditahome.com\/al\/wp-json\/wp\/v2\/product_cat?post=34320"},{"taxonomy":"product_tag","embeddable":true,"href":"https:\/\/www.comoditahome.com\/al\/wp-json\/wp\/v2\/product_tag?post=34320"}],"curies":[{"name":"wp","href":"https:\/\/api.w.org\/{rel}","templated":true}]}}