 {"id":34341,"date":"2021-10-23T21:08:16","date_gmt":"2021-10-23T19:08:16","guid":{"rendered":"http:\/\/al.comoditahome.com\/?post_type=product&#038;p=34341"},"modified":"2026-04-23T08:59:58","modified_gmt":"2026-04-23T06:59:58","slug":"set-i-eneve-te-servimit-bamboo","status":"publish","type":"product","link":"https:\/\/www.comoditahome.com\/al\/product\/set-i-eneve-te-servimit-bamboo\/","title":{"rendered":"Set i en\u00ebve t\u00eb servimit Bamboo"},"content":{"rendered":"","protected":false},"excerpt":{"rendered":"<p style=\"text-align: left;\">Set i en\u00ebve t\u00eb servimit nga linja Bamboo \u00ebsht\u00eb dizajnuar n\u00eb 4 en\u00eb t\u00eb porcelanit me form\u00eb t\u00eb katrore dhe nj\u00eb mbajt\u00ebse e drurit. En\u00ebt dhe mbajt\u00ebsja mund t\u00eb p\u00ebrdoren edhe veqmas setit. P\u00ebrdorni setin ekologjik p\u00ebr nj\u00eb jetes\u00eb m\u00eb t\u00eb sh\u00ebndetshme dhe servim m\u00eb praktik..<\/p>\n<p style=\"text-align: left;\"><strong>Dimensioni \/ Kompozicioni:<\/strong>5 Pcs.<\/p>\n<p style=\"text-align: left;\"><strong>NGJYRA:<\/strong> Me dizajn<\/p>\n<p style=\"text-align: left;\"><strong>MATERIALI:<\/strong> Dru dhe porcelan<\/p>\n<p style=\"text-align: left;\"><strong>UDH\u00cbZIMET E P\u00cbRDORIMIT:<\/strong> T\u00eb pastrohet me Dor\u00eb<\/p>\n<p style=\"text-align: left;\"><strong>KUSHTET E KTHIMIT \/ GARANCION:<\/strong> P\u00ebr k\u00ebt\u00eb produkt pranohet reklamacion brenda 24 or\u00ebve pasi t\u00eb pranoni porosin\u00eb.<\/p>\n","protected":false},"featured_media":32473,"template":"","meta":[],"product_cat":[58,57],"product_tag":[],"_links":{"self":[{"href":"https:\/\/www.comoditahome.com\/al\/wp-json\/wp\/v2\/product\/34341"}],"collection":[{"href":"https:\/\/www.comoditahome.com\/al\/wp-json\/wp\/v2\/product"}],"about":[{"href":"https:\/\/www.comoditahome.com\/al\/wp-json\/wp\/v2\/types\/product"}],"version-history":[{"count":0,"href":"https:\/\/www.comoditahome.com\/al\/wp-json\/wp\/v2\/product\/34341\/revisions"}],"wp:featuredmedia":[{"embeddable":true,"href":"https:\/\/www.comoditahome.com\/al\/wp-json\/wp\/v2\/media\/32473"}],"wp:attachment":[{"href":"https:\/\/www.comoditahome.com\/al\/wp-json\/wp\/v2\/media?parent=34341"}],"wp:term":[{"taxonomy":"product_cat","embeddable":true,"href":"https:\/\/www.comoditahome.com\/al\/wp-json\/wp\/v2\/product_cat?post=34341"},{"taxonomy":"product_tag","embeddable":true,"href":"https:\/\/www.comoditahome.com\/al\/wp-json\/wp\/v2\/product_tag?post=34341"}],"curies":[{"name":"wp","href":"https:\/\/api.w.org\/{rel}","templated":true}]}}