 {"id":34343,"date":"2021-10-23T21:08:17","date_gmt":"2021-10-23T19:08:17","guid":{"rendered":"http:\/\/al.comoditahome.com\/?post_type=product&#038;p=34343"},"modified":"2026-04-23T08:59:58","modified_gmt":"2026-04-23T06:59:58","slug":"set-per-kryp-dhe-piper-bamboo","status":"publish","type":"product","link":"https:\/\/www.comoditahome.com\/al\/product\/set-per-kryp-dhe-piper-bamboo\/","title":{"rendered":"Set p\u00ebr kryp dhe piper Bamboo"},"content":{"rendered":"","protected":false},"excerpt":{"rendered":"<p style=\"text-align: left;\">Seti i krypor\u00ebs dhe piperit nga linja Bamboo, vjen i punuar me material porcelani duke mbrojtur k\u00ebshtu er\u00ebzat tuaja nga lag\u00ebshtia. Dizajni unik s\u00eb bashku me mbajt\u00ebsen prej druri dhe forma praktike e b\u00ebn\u00eb k\u00ebt\u00eb set ende m\u00eb t\u00eb ve\u00e7ant\u00eb.<\/p>\n<p style=\"text-align: left;\"><strong>Dimensioni \/ Kompozicioni:<\/strong>3 Pcs.<\/p>\n<p style=\"text-align: left;\"><strong>NGJYRA:<\/strong> E bardh\u00eb dhe dru<\/p>\n<p style=\"text-align: left;\"><strong>MATERIALI:<\/strong> Dru dhe porcelan<\/p>\n<p style=\"text-align: left;\"><strong>UDH\u00cbZIMET E P\u00cbRDORIMIT:<\/strong> T\u00eb pastrohet me Dor\u00eb<\/p>\n<p style=\"text-align: left;\"><strong>KUSHTET E KTHIMIT \/ GARANCION:<\/strong> P\u00ebr k\u00ebt\u00eb produkt pranohet reklamacion brenda 24 or\u00ebve pasi t\u00eb pranoni porosin\u00eb.<\/p>\n","protected":false},"featured_media":32483,"template":"","meta":[],"product_cat":[183,58,57],"product_tag":[],"_links":{"self":[{"href":"https:\/\/www.comoditahome.com\/al\/wp-json\/wp\/v2\/product\/34343"}],"collection":[{"href":"https:\/\/www.comoditahome.com\/al\/wp-json\/wp\/v2\/product"}],"about":[{"href":"https:\/\/www.comoditahome.com\/al\/wp-json\/wp\/v2\/types\/product"}],"version-history":[{"count":0,"href":"https:\/\/www.comoditahome.com\/al\/wp-json\/wp\/v2\/product\/34343\/revisions"}],"wp:featuredmedia":[{"embeddable":true,"href":"https:\/\/www.comoditahome.com\/al\/wp-json\/wp\/v2\/media\/32483"}],"wp:attachment":[{"href":"https:\/\/www.comoditahome.com\/al\/wp-json\/wp\/v2\/media?parent=34343"}],"wp:term":[{"taxonomy":"product_cat","embeddable":true,"href":"https:\/\/www.comoditahome.com\/al\/wp-json\/wp\/v2\/product_cat?post=34343"},{"taxonomy":"product_tag","embeddable":true,"href":"https:\/\/www.comoditahome.com\/al\/wp-json\/wp\/v2\/product_tag?post=34343"}],"curies":[{"name":"wp","href":"https:\/\/api.w.org\/{rel}","templated":true}]}}