 {"id":34344,"date":"2021-10-23T21:08:17","date_gmt":"2021-10-23T19:08:17","guid":{"rendered":"http:\/\/al.comoditahome.com\/?post_type=product&#038;p=34344"},"modified":"2026-04-23T08:59:58","modified_gmt":"2026-04-23T06:59:58","slug":"set-filxhanesh-kafeje-te-gurit","status":"publish","type":"product","link":"https:\/\/www.comoditahome.com\/al\/product\/set-filxhanesh-kafeje-te-gurit\/","title":{"rendered":"Set filxhan\u00ebsh kafeje t\u00eb gurit"},"content":{"rendered":"","protected":false},"excerpt":{"rendered":"<p style=\"text-align: left;\">Seti i filxhan\u00ebve p\u00ebr kafe nga linja Stone Ware, vjen n\u00eb madh\u00ebsi t\u00eb vog\u00ebl i p\u00ebrkryer p\u00ebr servimin e kafes\u00eb. Dizajni minimal dhe ngjyrimi n\u00eb tekstur\u00ebn prej guri, e b\u00ebn k\u00ebt\u00eb set tejet modern.<\/p>\n<p style=\"text-align: left;\"><strong>Dimensioni \/ Kompozicioni:<\/strong>90ml, 12 pjes\u00eb: 6x filxhan\u00eb, 6x pjat\u00ebza<\/p>\n<p style=\"text-align: left;\"><strong>NGJYRA:<\/strong> Roz\u00eb<\/p>\n<p style=\"text-align: left;\"><strong>MATERIALI:<\/strong>Gur\u00eb<\/p>\n<p style=\"text-align: left;\"><strong>UDH\u00cbZIMET E P\u00cbRDORIMIT:<\/strong> T\u00eb pastrohet me Dor\u00eb<\/p>\n<p style=\"text-align: left;\"><strong>KUSHTET E KTHIMIT \/ GARANCION:<\/strong> P\u00ebr k\u00ebt\u00eb produkt pranohet reklamacion brenda 24 or\u00ebve pasi t\u00eb pranoni porosin\u00eb.<\/p>\n","protected":false},"featured_media":32495,"template":"","meta":[],"product_cat":[62,55,57],"product_tag":[],"_links":{"self":[{"href":"https:\/\/www.comoditahome.com\/al\/wp-json\/wp\/v2\/product\/34344"}],"collection":[{"href":"https:\/\/www.comoditahome.com\/al\/wp-json\/wp\/v2\/product"}],"about":[{"href":"https:\/\/www.comoditahome.com\/al\/wp-json\/wp\/v2\/types\/product"}],"version-history":[{"count":1,"href":"https:\/\/www.comoditahome.com\/al\/wp-json\/wp\/v2\/product\/34344\/revisions"}],"predecessor-version":[{"id":54734,"href":"https:\/\/www.comoditahome.com\/al\/wp-json\/wp\/v2\/product\/34344\/revisions\/54734"}],"wp:featuredmedia":[{"embeddable":true,"href":"https:\/\/www.comoditahome.com\/al\/wp-json\/wp\/v2\/media\/32495"}],"wp:attachment":[{"href":"https:\/\/www.comoditahome.com\/al\/wp-json\/wp\/v2\/media?parent=34344"}],"wp:term":[{"taxonomy":"product_cat","embeddable":true,"href":"https:\/\/www.comoditahome.com\/al\/wp-json\/wp\/v2\/product_cat?post=34344"},{"taxonomy":"product_tag","embeddable":true,"href":"https:\/\/www.comoditahome.com\/al\/wp-json\/wp\/v2\/product_tag?post=34344"}],"curies":[{"name":"wp","href":"https:\/\/api.w.org\/{rel}","templated":true}]}}