 {"id":34359,"date":"2021-10-23T21:08:27","date_gmt":"2021-10-23T19:08:27","guid":{"rendered":"http:\/\/al.comoditahome.com\/?post_type=product&#038;p=34359"},"modified":"2026-04-23T08:59:59","modified_gmt":"2026-04-23T06:59:59","slug":"set-pjatash-deserti-gold-garden","status":"publish","type":"product","link":"https:\/\/www.comoditahome.com\/al\/product\/set-pjatash-deserti-gold-garden\/","title":{"rendered":"Set pjatash deserti Gold Garden"},"content":{"rendered":"","protected":false},"excerpt":{"rendered":"<p style=\"text-align: left;\">Seti i pjatave p\u00ebr \u00ebmb\u00eblsir\u00eb t\u00eb linj\u00ebs Gold Garden vjen me nj\u00eb dizajn lulesh dhe flutura t\u00eb paraqitura me fines\u00eb, q\u00eb t\u00eb jep ndjesin\u00eb e freskis\u00eb n\u00eb tryez\u00ebn tuaj t\u00eb ngr\u00ebnies. Kuzhin\u00ebs tuaj i duhet nj\u00eb set i till\u00eb q\u00eb prezantimet tuaja t\u00eb jen\u00eb sa m\u00eb elegante.<\/p>\n<p style=\"text-align: left;\"><strong>Dimensioni \/ Kompozicioni:<\/strong> 20cm, seti ka 6 cop\u00eb<\/p>\n<p style=\"text-align: left;\"><strong>NGJYRA:<\/strong> Me dizajn<\/p>\n<p style=\"text-align: left;\"><strong>MATERIALI:<\/strong> Porcelan<\/p>\n<p style=\"text-align: left;\"><strong>UDH\u00cbZIMET E P\u00cbRDORIMIT:<\/strong> T\u00eb pastrohet me Dor\u00eb<\/p>\n<p style=\"text-align: left;\"><strong>KUSHTET E KTHIMIT \/ GARANCION:<\/strong> P\u00ebr k\u00ebt\u00eb produkt pranohet reklamacion brenda 24 or\u00ebve pasi t\u00eb pranoni porosin\u00eb.<\/p>\n","protected":false},"featured_media":32581,"template":"","meta":[],"product_cat":[63,57],"product_tag":[],"_links":{"self":[{"href":"https:\/\/www.comoditahome.com\/al\/wp-json\/wp\/v2\/product\/34359"}],"collection":[{"href":"https:\/\/www.comoditahome.com\/al\/wp-json\/wp\/v2\/product"}],"about":[{"href":"https:\/\/www.comoditahome.com\/al\/wp-json\/wp\/v2\/types\/product"}],"version-history":[{"count":1,"href":"https:\/\/www.comoditahome.com\/al\/wp-json\/wp\/v2\/product\/34359\/revisions"}],"predecessor-version":[{"id":71945,"href":"https:\/\/www.comoditahome.com\/al\/wp-json\/wp\/v2\/product\/34359\/revisions\/71945"}],"wp:featuredmedia":[{"embeddable":true,"href":"https:\/\/www.comoditahome.com\/al\/wp-json\/wp\/v2\/media\/32581"}],"wp:attachment":[{"href":"https:\/\/www.comoditahome.com\/al\/wp-json\/wp\/v2\/media?parent=34359"}],"wp:term":[{"taxonomy":"product_cat","embeddable":true,"href":"https:\/\/www.comoditahome.com\/al\/wp-json\/wp\/v2\/product_cat?post=34359"},{"taxonomy":"product_tag","embeddable":true,"href":"https:\/\/www.comoditahome.com\/al\/wp-json\/wp\/v2\/product_tag?post=34359"}],"curies":[{"name":"wp","href":"https:\/\/api.w.org\/{rel}","templated":true}]}}