 {"id":34366,"date":"2021-10-23T21:08:28","date_gmt":"2021-10-23T19:08:28","guid":{"rendered":"http:\/\/al.comoditahome.com\/?post_type=product&#038;p=34366"},"modified":"2026-05-07T09:33:59","modified_gmt":"2026-05-07T07:33:59","slug":"set-aromatizues-grace","status":"publish","type":"product","link":"https:\/\/www.comoditahome.com\/al\/product\/set-aromatizues-grace\/","title":{"rendered":"Set aromatizues Grace"},"content":{"rendered":"","protected":false},"excerpt":{"rendered":"<p style=\"text-align: left;\">Seti i aromatizuesve Grace \u00ebsht\u00eb i p\u00ebrkryer p\u00ebr krijimin e nj\u00eb ambienti t\u00eb k\u00ebndsh\u00ebm n\u00eb sht\u00ebpi q\u00eb d\u00ebfton arom\u00ebm e mir\u00eb. Vjen n\u00eb 4 shishe, \u00e7ka e b\u00ebn\u00eb t\u00eb p\u00ebrshtatsh\u00ebm t\u00eb p\u00ebrdoret n\u00eb t\u00eb gjitha dhomat e sht\u00ebpis\u00eb p\u00ebr nj\u00eb shijim t\u00eb arom\u00ebs s\u00eb nj\u00ebtrajtshme t\u00ebr\u00eb koh\u00ebn. P\u00ebr nj\u00eb p\u00ebrdorim sa m\u00eb efikas, ndryshoni an\u00ebn e shkopinj\u00ebve. Shija e arom\u00ebs: e tort\u00ebs prej dardhe dhe vanilj.<\/p>\n<p style=\"text-align: left;\"><strong>Dimensioni \/ Kompozicioni:<\/strong> Seti me 4 aroma me nga 50ml<\/p>\n<p style=\"text-align: left;\"><strong>NGJYRA:<\/strong> E zez\u00eb<\/p>\n<p style=\"text-align: left;\"><strong>MATERIALI:<\/strong> Qelq me shkopinj\u00eb druri<\/p>\n<p style=\"text-align: left;\"><strong>UDH\u00cbZIMET E P\u00cbRDORIMIT:<\/strong> T\u00eb pastrohet me Dor\u00eb<\/p>\n<p style=\"text-align: left;\"><strong>KUSHTET E KTHIMIT \/ GARANCION:<\/strong> P\u00ebr k\u00ebt\u00eb produkt pranohet reklamacion brenda 24 or\u00ebve pasi t\u00eb pranoni porosin\u00eb.<\/p>\n","protected":false},"featured_media":67256,"template":"","meta":[],"product_cat":[75,49,51],"product_tag":[],"_links":{"self":[{"href":"https:\/\/www.comoditahome.com\/al\/wp-json\/wp\/v2\/product\/34366"}],"collection":[{"href":"https:\/\/www.comoditahome.com\/al\/wp-json\/wp\/v2\/product"}],"about":[{"href":"https:\/\/www.comoditahome.com\/al\/wp-json\/wp\/v2\/types\/product"}],"version-history":[{"count":1,"href":"https:\/\/www.comoditahome.com\/al\/wp-json\/wp\/v2\/product\/34366\/revisions"}],"predecessor-version":[{"id":67257,"href":"https:\/\/www.comoditahome.com\/al\/wp-json\/wp\/v2\/product\/34366\/revisions\/67257"}],"wp:featuredmedia":[{"embeddable":true,"href":"https:\/\/www.comoditahome.com\/al\/wp-json\/wp\/v2\/media\/67256"}],"wp:attachment":[{"href":"https:\/\/www.comoditahome.com\/al\/wp-json\/wp\/v2\/media?parent=34366"}],"wp:term":[{"taxonomy":"product_cat","embeddable":true,"href":"https:\/\/www.comoditahome.com\/al\/wp-json\/wp\/v2\/product_cat?post=34366"},{"taxonomy":"product_tag","embeddable":true,"href":"https:\/\/www.comoditahome.com\/al\/wp-json\/wp\/v2\/product_tag?post=34366"}],"curies":[{"name":"wp","href":"https:\/\/api.w.org\/{rel}","templated":true}]}}