 {"id":34370,"date":"2021-10-23T21:08:28","date_gmt":"2021-10-23T19:08:28","guid":{"rendered":"http:\/\/al.comoditahome.com\/?post_type=product&#038;p=34370"},"modified":"2026-04-23T09:00:00","modified_gmt":"2026-04-23T07:00:00","slug":"set-thikash-shade","status":"publish","type":"product","link":"https:\/\/www.comoditahome.com\/al\/product\/set-thikash-shade\/","title":{"rendered":"Set thikash Shade"},"content":{"rendered":"","protected":false},"excerpt":{"rendered":"<p style=\"text-align: left;\">Seti i thikave Shade vjen me 6 lloje t\u00eb thikave n\u00eb dimensione dhe mpreht\u00ebsi t\u00eb ndryshme. Me dizajn n\u00eb form\u00eb ovale n\u00eb mbajt\u00ebse, ofron kapje t\u00eb leht\u00eb dhe t\u00eb sigurt\u00eb. Tehet e mprehta prej \u00e7eliku e b\u00ebjn\u00eb k\u00ebt\u00eb set t\u00eb ofroj nj\u00eb p\u00ebrformanc\u00eb t\u00eb lart\u00eb gjat\u00eb gatimit. T\u00eb domosdoshme p\u00ebr t\u00eb organizuar gatimin dhe hap\u00ebsir\u00ebn n\u00eb kuzhin\u00ebn tuaj.<\/p>\n<p style=\"text-align: left;\"><strong>Dimensioni \/ Kompozicioni:<\/strong> Seti me 5 thika (Thik\u00eb kuzhine, thik\u00eb p\u00ebr prerjen e mishit, thik\u00eb buke, thik\u00eb p\u00ebr fruta dhe perime, thik\u00eb e vog\u00ebl p\u00ebr fruta dhe perime) dhe nj\u00eb mbajt\u00ebse.<\/p>\n<p style=\"text-align: left;\"><strong>NGJYRA:<\/strong> E zez\u00eb<\/p>\n<p style=\"text-align: left;\"><strong>MATERIALI:<\/strong> Qelik me mbajt\u00ebse prej druri<\/p>\n<p style=\"text-align: left;\"><strong>UDH\u00cbZIMET E P\u00cbRDORIMIT:<\/strong> T\u00eb pastrohet me Dor\u00eb<\/p>\n<p style=\"text-align: left;\"><strong>KUSHTET E KTHIMIT \/ GARANCION:<\/strong> P\u00ebr k\u00ebt\u00eb produkt pranohet reklamacion brenda 24 or\u00ebve pasi t\u00eb pranoni porosin\u00eb.<\/p>\n","protected":false},"featured_media":32643,"template":"","meta":[],"product_cat":[55,152,59,57],"product_tag":[],"_links":{"self":[{"href":"https:\/\/www.comoditahome.com\/al\/wp-json\/wp\/v2\/product\/34370"}],"collection":[{"href":"https:\/\/www.comoditahome.com\/al\/wp-json\/wp\/v2\/product"}],"about":[{"href":"https:\/\/www.comoditahome.com\/al\/wp-json\/wp\/v2\/types\/product"}],"version-history":[{"count":1,"href":"https:\/\/www.comoditahome.com\/al\/wp-json\/wp\/v2\/product\/34370\/revisions"}],"predecessor-version":[{"id":67267,"href":"https:\/\/www.comoditahome.com\/al\/wp-json\/wp\/v2\/product\/34370\/revisions\/67267"}],"wp:featuredmedia":[{"embeddable":true,"href":"https:\/\/www.comoditahome.com\/al\/wp-json\/wp\/v2\/media\/32643"}],"wp:attachment":[{"href":"https:\/\/www.comoditahome.com\/al\/wp-json\/wp\/v2\/media?parent=34370"}],"wp:term":[{"taxonomy":"product_cat","embeddable":true,"href":"https:\/\/www.comoditahome.com\/al\/wp-json\/wp\/v2\/product_cat?post=34370"},{"taxonomy":"product_tag","embeddable":true,"href":"https:\/\/www.comoditahome.com\/al\/wp-json\/wp\/v2\/product_tag?post=34370"}],"curies":[{"name":"wp","href":"https:\/\/api.w.org\/{rel}","templated":true}]}}