 {"id":34371,"date":"2021-10-23T21:08:28","date_gmt":"2021-10-23T19:08:28","guid":{"rendered":"http:\/\/al.comoditahome.com\/?post_type=product&#038;p=34371"},"modified":"2026-04-23T09:00:01","modified_gmt":"2026-04-23T07:00:01","slug":"set-filxhanesh-kafeje-bamboo","status":"publish","type":"product","link":"https:\/\/www.comoditahome.com\/al\/product\/set-filxhanesh-kafeje-bamboo\/","title":{"rendered":"Set filxhan\u00ebsh kafeje Bamboo"},"content":{"rendered":"","protected":false},"excerpt":{"rendered":"<p style=\"text-align: left;\">Seti i filxhan\u00ebve Bamboo prezenton form\u00eb unike t\u00eb filxhanit t\u00eb kafes. Jan\u00eb me material nga porcelani i kualitetit t\u00eb lart\u00eb, i cili \u00ebsht\u00eb shum\u00eb praktik n\u00eb pastrim. Pjat\u00ebzat jan\u00eb nga druri i bambus\u00eb q\u00eb \u00ebsht\u00eb material jasht\u00ebzakonisht i q\u00ebndruesh\u00ebm, rezistent ndaj lag\u00ebshtis\u00eb dhe shum\u00eb miq\u00ebsor me mjedisin. Me k\u00ebt\u00eb set ju e shijoni m\u00eb shum\u00eb kafen me t\u00eb dashurit tuaj.<\/p>\n<p style=\"text-align: left;\"><strong>Dimensioni \/ Kompozicioni:<\/strong> 12 pjes\u00eb: 6x filxhan\u00eb, 6x pjat\u00ebza<\/p>\n<p style=\"text-align: left;\"><strong>NGJYRA:<\/strong> I bardh\u00eb dhe dru<\/p>\n<p style=\"text-align: left;\"><strong>MATERIALI:<\/strong> Porcelan dhe dru<\/p>\n<p style=\"text-align: left;\"><strong>UDH\u00cbZIMET E P\u00cbRDORIMIT:<\/strong> T\u00eb pastrohet me Dor\u00eb<\/p>\n<p style=\"text-align: left;\"><strong>KUSHTET E KTHIMIT \/ GARANCION:<\/strong> P\u00ebr k\u00ebt\u00eb produkt pranohet reklamacion brenda 24 or\u00ebve pasi t\u00eb pranoni porosin\u00eb.<\/p>\n","protected":false},"featured_media":32648,"template":"","meta":[],"product_cat":[62,57],"product_tag":[],"_links":{"self":[{"href":"https:\/\/www.comoditahome.com\/al\/wp-json\/wp\/v2\/product\/34371"}],"collection":[{"href":"https:\/\/www.comoditahome.com\/al\/wp-json\/wp\/v2\/product"}],"about":[{"href":"https:\/\/www.comoditahome.com\/al\/wp-json\/wp\/v2\/types\/product"}],"version-history":[{"count":0,"href":"https:\/\/www.comoditahome.com\/al\/wp-json\/wp\/v2\/product\/34371\/revisions"}],"wp:featuredmedia":[{"embeddable":true,"href":"https:\/\/www.comoditahome.com\/al\/wp-json\/wp\/v2\/media\/32648"}],"wp:attachment":[{"href":"https:\/\/www.comoditahome.com\/al\/wp-json\/wp\/v2\/media?parent=34371"}],"wp:term":[{"taxonomy":"product_cat","embeddable":true,"href":"https:\/\/www.comoditahome.com\/al\/wp-json\/wp\/v2\/product_cat?post=34371"},{"taxonomy":"product_tag","embeddable":true,"href":"https:\/\/www.comoditahome.com\/al\/wp-json\/wp\/v2\/product_tag?post=34371"}],"curies":[{"name":"wp","href":"https:\/\/api.w.org\/{rel}","templated":true}]}}