 {"id":34372,"date":"2024-10-01T21:08:28","date_gmt":"2024-10-01T19:08:28","guid":{"rendered":"http:\/\/al.comoditahome.com\/?post_type=product&#038;p=34372"},"modified":"2026-05-02T20:07:29","modified_gmt":"2026-05-02T18:07:29","slug":"set-lugesh-thikash-dhe-pirunjesh-fino","status":"publish","type":"product","link":"https:\/\/www.comoditahome.com\/al\/product\/set-lugesh-thikash-dhe-pirunjesh-fino\/","title":{"rendered":"Set lug\u00ebsh, thikash dhe pirunj\u00ebsh Fino"},"content":{"rendered":"","protected":false},"excerpt":{"rendered":"<p style=\"text-align: left;\"><strong>Dimensioni \/ Kompozicioni:<\/strong> Seti ka 36 pjes\u00eb: 6x lug\u00eb p\u00ebr sup\u00eb, 6x lug\u00eb t\u00eb mesme, 6x lug\u00eb t\u00eb vogla, 6x thika, 6x pirunj\u00eb p\u00ebr ushqim, 6x pirunj\u00eb p\u00ebr desert.<\/p>\n<p style=\"text-align: left;\"><strong>NGJYRA:<\/strong> Argjend<\/p>\n<p style=\"text-align: left;\"><strong>MATERIALI:<\/strong> \u00c7elik 18\/10<\/p>\n<p style=\"text-align: left;\"><strong>UDH\u00cbZIMET E P\u00cbRDORIMIT:<\/strong> T\u00eb pastrohet me Dor\u00eb<\/p>\n<p style=\"text-align: left;\"><strong>KUSHTET E KTHIMIT \/ GARANCION:<\/strong> P\u00ebr k\u00ebt\u00eb produkt pranohet reklamacion brenda 24 or\u00ebve pasi t\u00eb pranoni porosin\u00eb.<\/p>\n","protected":false},"featured_media":32653,"template":"","meta":[],"product_cat":[55,152,59,57],"product_tag":[],"_links":{"self":[{"href":"https:\/\/www.comoditahome.com\/al\/wp-json\/wp\/v2\/product\/34372"}],"collection":[{"href":"https:\/\/www.comoditahome.com\/al\/wp-json\/wp\/v2\/product"}],"about":[{"href":"https:\/\/www.comoditahome.com\/al\/wp-json\/wp\/v2\/types\/product"}],"version-history":[{"count":2,"href":"https:\/\/www.comoditahome.com\/al\/wp-json\/wp\/v2\/product\/34372\/revisions"}],"predecessor-version":[{"id":56412,"href":"https:\/\/www.comoditahome.com\/al\/wp-json\/wp\/v2\/product\/34372\/revisions\/56412"}],"wp:featuredmedia":[{"embeddable":true,"href":"https:\/\/www.comoditahome.com\/al\/wp-json\/wp\/v2\/media\/32653"}],"wp:attachment":[{"href":"https:\/\/www.comoditahome.com\/al\/wp-json\/wp\/v2\/media?parent=34372"}],"wp:term":[{"taxonomy":"product_cat","embeddable":true,"href":"https:\/\/www.comoditahome.com\/al\/wp-json\/wp\/v2\/product_cat?post=34372"},{"taxonomy":"product_tag","embeddable":true,"href":"https:\/\/www.comoditahome.com\/al\/wp-json\/wp\/v2\/product_tag?post=34372"}],"curies":[{"name":"wp","href":"https:\/\/api.w.org\/{rel}","templated":true}]}}