 {"id":34374,"date":"2021-10-23T21:08:28","date_gmt":"2021-10-23T19:08:28","guid":{"rendered":"http:\/\/al.comoditahome.com\/?post_type=product&#038;p=34374"},"modified":"2026-04-23T09:00:01","modified_gmt":"2026-04-23T07:00:01","slug":"jastek-gel-anatomik","status":"publish","type":"product","link":"https:\/\/www.comoditahome.com\/al\/product\/jastek-gel-anatomik\/","title":{"rendered":"Jast\u00ebk Gel Anatomik"},"content":{"rendered":"","protected":false},"excerpt":{"rendered":"<p style=\"text-align: left;\">Jast\u00ebku Gel Anatomik, ka form\u00ebn saponeta (forma e sapunit) dhe \u00ebsht\u00eb i nd\u00ebrtuar nga shkuma Memory. Ky jast\u00ebk krahas form\u00ebs, materialit dhe p\u00ebrb\u00ebrjes s\u00eb shkum\u00ebs, garanton mb\u00ebshtjetje optimale dhe natyrale t\u00eb kok\u00ebs, qaf\u00ebs dhe fillim shpin\u00ebs tuaj. I p\u00ebrshtatet temperatur\u00ebs s\u00eb trupit tuaj duke siguruar rehati t\u00eb k\u00ebndshme.<\/p>\n<p style=\"text-align: left;\"><strong>Dimensioni \/ Kompozicioni:<\/strong> 60x40x12cm<\/p>\n<p style=\"text-align: left;\"><strong>NGJYRA:<\/strong> Me dizajn<\/p>\n<p style=\"text-align: left;\"><strong>MATERIALI:<\/strong> Shkum\u00eb Memory me p\u00ebrmbatje geli<\/p>\n<p style=\"text-align: left;\"><strong>UDH\u00cbZIMET E P\u00cbRDORIMIT:<\/strong> Nuk pastrohet, vet\u00ebm ajroset<\/p>\n<p style=\"text-align: left;\"><strong>KUSHTET E KTHIMIT \/ GARANCION:<\/strong> P\u00ebr shkak t\u00eb kontaktit me higjien\u00eb personale, p\u00ebr produktet e tekstilit nuk pranohen kthime apo reklamacione.<\/p>\n","protected":false},"featured_media":32667,"template":"","meta":[],"product_cat":[51,76],"product_tag":[],"_links":{"self":[{"href":"https:\/\/www.comoditahome.com\/al\/wp-json\/wp\/v2\/product\/34374"}],"collection":[{"href":"https:\/\/www.comoditahome.com\/al\/wp-json\/wp\/v2\/product"}],"about":[{"href":"https:\/\/www.comoditahome.com\/al\/wp-json\/wp\/v2\/types\/product"}],"version-history":[{"count":0,"href":"https:\/\/www.comoditahome.com\/al\/wp-json\/wp\/v2\/product\/34374\/revisions"}],"wp:featuredmedia":[{"embeddable":true,"href":"https:\/\/www.comoditahome.com\/al\/wp-json\/wp\/v2\/media\/32667"}],"wp:attachment":[{"href":"https:\/\/www.comoditahome.com\/al\/wp-json\/wp\/v2\/media?parent=34374"}],"wp:term":[{"taxonomy":"product_cat","embeddable":true,"href":"https:\/\/www.comoditahome.com\/al\/wp-json\/wp\/v2\/product_cat?post=34374"},{"taxonomy":"product_tag","embeddable":true,"href":"https:\/\/www.comoditahome.com\/al\/wp-json\/wp\/v2\/product_tag?post=34374"}],"curies":[{"name":"wp","href":"https:\/\/api.w.org\/{rel}","templated":true}]}}