 {"id":34376,"date":"2021-10-23T21:08:28","date_gmt":"2021-10-23T19:08:28","guid":{"rendered":"http:\/\/al.comoditahome.com\/?post_type=product&#038;p=34376"},"modified":"2026-04-23T09:00:01","modified_gmt":"2026-04-23T07:00:01","slug":"pjate-servimi-earth","status":"publish","type":"product","link":"https:\/\/www.comoditahome.com\/al\/product\/pjate-servimi-earth\/","title":{"rendered":"Pjat\u00eb servimi Earth"},"content":{"rendered":"","protected":false},"excerpt":{"rendered":"<p style=\"text-align: left;\">Pjata e servimit nga linja Earth vjen e rafinuar n\u00eb form\u00eb ovale me p\u00ebrb\u00ebrje nga qeramika dhe me nj\u00eb dizajn tejet minimalist. Pamja e saj unike, e b\u00ebn t\u00eb p\u00ebrshtatshme p\u00ebr servime t\u00eb rasteve t\u00eb ndryshme. Kuzhines tuaj i duhet nj\u00eb pjat\u00eb e till\u00eb q\u00eb prezantimet tuaja t\u00eb ken\u00eb sa m\u00eb shum\u00eb fines\u00eb.<\/p>\n<p style=\"text-align: left;\"><strong>Dimensioni \/ Kompozicioni:<\/strong> 30cm<\/p>\n<p style=\"text-align: left;\"><strong>NGJYRA:<\/strong> E kaft\u00eb<\/p>\n<p style=\"text-align: left;\"><strong>MATERIALI:<\/strong> Porcelan<\/p>\n<p style=\"text-align: left;\"><strong>UDH\u00cbZIMET E P\u00cbRDORIMIT:<\/strong> T\u00eb pastrohet me Dor\u00eb<\/p>\n<p style=\"text-align: left;\"><strong>KUSHTET E KTHIMIT \/ GARANCION:<\/strong> P\u00ebr k\u00ebt\u00eb produkt pranohet reklamacion brenda 24 or\u00ebve pasi t\u00eb pranoni porosin\u00eb.<\/p>\n","protected":false},"featured_media":32677,"template":"","meta":[],"product_cat":[183,58,57],"product_tag":[],"_links":{"self":[{"href":"https:\/\/www.comoditahome.com\/al\/wp-json\/wp\/v2\/product\/34376"}],"collection":[{"href":"https:\/\/www.comoditahome.com\/al\/wp-json\/wp\/v2\/product"}],"about":[{"href":"https:\/\/www.comoditahome.com\/al\/wp-json\/wp\/v2\/types\/product"}],"version-history":[{"count":0,"href":"https:\/\/www.comoditahome.com\/al\/wp-json\/wp\/v2\/product\/34376\/revisions"}],"wp:featuredmedia":[{"embeddable":true,"href":"https:\/\/www.comoditahome.com\/al\/wp-json\/wp\/v2\/media\/32677"}],"wp:attachment":[{"href":"https:\/\/www.comoditahome.com\/al\/wp-json\/wp\/v2\/media?parent=34376"}],"wp:term":[{"taxonomy":"product_cat","embeddable":true,"href":"https:\/\/www.comoditahome.com\/al\/wp-json\/wp\/v2\/product_cat?post=34376"},{"taxonomy":"product_tag","embeddable":true,"href":"https:\/\/www.comoditahome.com\/al\/wp-json\/wp\/v2\/product_tag?post=34376"}],"curies":[{"name":"wp","href":"https:\/\/api.w.org\/{rel}","templated":true}]}}