 {"id":34380,"date":"2021-10-23T21:08:37","date_gmt":"2021-10-23T19:08:37","guid":{"rendered":"http:\/\/al.comoditahome.com\/?post_type=product&#038;p=34380"},"modified":"2026-04-23T09:00:01","modified_gmt":"2026-04-23T07:00:01","slug":"llamb-tavoline-matt-2","status":"publish","type":"product","link":"https:\/\/www.comoditahome.com\/al\/product\/llamb-tavoline-matt-2\/","title":{"rendered":"Llamb tavoline Matt"},"content":{"rendered":"","protected":false},"excerpt":{"rendered":"<p style=\"text-align: left;\">Llamba Matt vjen e punuar me nj\u00eb material kualitativ dhe dizajn tejet modern. P\u00ebr shkak t\u00eb ngjyr\u00ebs s\u00eb k\u00ebndshme roz\u00eb, ky elemt shkon mjaft\u00eb bukur n\u00eb ambiente t\u00eb err\u00ebta por edhe n\u00eb ato me plot\u00eb drit\u00eb. Llamba \u00ebsht\u00eb e p\u00ebrshtatshme p\u00ebr \u00e7far\u00ebdo tryeze, duke plot\u00ebsuar dhom\u00ebn apo zyr\u00ebn tuaj.<\/p>\n<p style=\"text-align: left;\"><strong>Dimensioni \/ Kompozicioni:<\/strong> 30cm<\/p>\n<p style=\"text-align: left;\"><strong>NGJYRA:<\/strong> Roz\u00eb<\/p>\n<p style=\"text-align: left;\"><strong>MATERIALI:<\/strong> \u00c7eramik\u00eb<\/p>\n<p style=\"text-align: left;\"><strong>UDH\u00cbZIMET E P\u00cbRDORIMIT:<\/strong> T\u00eb pastrohet me pastruese pluhuri<\/p>\n<p style=\"text-align: left;\"><strong>KUSHTET E KTHIMIT \/ GARANCION:<\/strong> P\u00ebr k\u00ebt\u00eb produkt pranohet reklamacion brenda 24 or\u00ebve pasi t\u00eb pranoni porosin\u00eb.<br \/>\n<span style=\"color: #ffffff;\">5310233010635<\/span><\/p>\n","protected":false},"featured_media":32698,"template":"","meta":[],"product_cat":[49,51,77],"product_tag":[],"_links":{"self":[{"href":"https:\/\/www.comoditahome.com\/al\/wp-json\/wp\/v2\/product\/34380"}],"collection":[{"href":"https:\/\/www.comoditahome.com\/al\/wp-json\/wp\/v2\/product"}],"about":[{"href":"https:\/\/www.comoditahome.com\/al\/wp-json\/wp\/v2\/types\/product"}],"version-history":[{"count":0,"href":"https:\/\/www.comoditahome.com\/al\/wp-json\/wp\/v2\/product\/34380\/revisions"}],"wp:featuredmedia":[{"embeddable":true,"href":"https:\/\/www.comoditahome.com\/al\/wp-json\/wp\/v2\/media\/32698"}],"wp:attachment":[{"href":"https:\/\/www.comoditahome.com\/al\/wp-json\/wp\/v2\/media?parent=34380"}],"wp:term":[{"taxonomy":"product_cat","embeddable":true,"href":"https:\/\/www.comoditahome.com\/al\/wp-json\/wp\/v2\/product_cat?post=34380"},{"taxonomy":"product_tag","embeddable":true,"href":"https:\/\/www.comoditahome.com\/al\/wp-json\/wp\/v2\/product_tag?post=34380"}],"curies":[{"name":"wp","href":"https:\/\/api.w.org\/{rel}","templated":true}]}}