 {"id":34382,"date":"2021-10-23T21:08:37","date_gmt":"2021-10-23T19:08:37","guid":{"rendered":"http:\/\/al.comoditahome.com\/?post_type=product&#038;p=34382"},"modified":"2026-04-23T09:00:01","modified_gmt":"2026-04-23T07:00:01","slug":"llamb-tavoline-matt-4","status":"publish","type":"product","link":"https:\/\/www.comoditahome.com\/al\/product\/llamb-tavoline-matt-4\/","title":{"rendered":"Llamb tavoline Matt"},"content":{"rendered":"","protected":false},"excerpt":{"rendered":"<p style=\"text-align: left;\">Vazo dekorative p\u00ebr tryez\u00eb ose rafte. Krahas form\u00ebs speciale, kjo vazo dallohet p\u00ebr tekstur\u00ebn e metalit n\u00eb pjes\u00ebn e lart\u00eb q\u00eb i jep nj\u00eb ndriqim special t\u00ebr\u00eb elementit. Me nj\u00eb stil unik dhe tejet modern, kjo vazo i jep sharm ambientit tuaj t\u00eb sht\u00ebpis\u00eb apo zyr\u00ebs suaj.<\/p>\n<p style=\"text-align: left;\"><strong>Dimensioni \/ Kompozicioni:<\/strong> 25.8cm<\/p>\n<p style=\"text-align: left;\"><strong>NGJYRA:<\/strong> E kuqe e err\u00ebt<\/p>\n<p style=\"text-align: left;\"><strong>MATERIALI:<\/strong> \u00c7eramik\u00eb<\/p>\n<p style=\"text-align: left;\"><strong>UDH\u00cbZIMET E P\u00cbRDORIMIT:<\/strong> T\u00eb pastrohet me pastruese pluhuri<\/p>\n<p style=\"text-align: left;\"><strong>KUSHTET E KTHIMIT \/ GARANCION:<\/strong> P\u00ebr k\u00ebt\u00eb produkt pranohet reklamacion brenda 24 or\u00ebve pasi t\u00eb pranoni porosin\u00eb.<br \/>\n<span style=\"color: #ffffff;\">5310233010680<\/span><\/p>\n","protected":false},"featured_media":32710,"template":"","meta":[],"product_cat":[183,49,51,77],"product_tag":[],"_links":{"self":[{"href":"https:\/\/www.comoditahome.com\/al\/wp-json\/wp\/v2\/product\/34382"}],"collection":[{"href":"https:\/\/www.comoditahome.com\/al\/wp-json\/wp\/v2\/product"}],"about":[{"href":"https:\/\/www.comoditahome.com\/al\/wp-json\/wp\/v2\/types\/product"}],"version-history":[{"count":0,"href":"https:\/\/www.comoditahome.com\/al\/wp-json\/wp\/v2\/product\/34382\/revisions"}],"wp:featuredmedia":[{"embeddable":true,"href":"https:\/\/www.comoditahome.com\/al\/wp-json\/wp\/v2\/media\/32710"}],"wp:attachment":[{"href":"https:\/\/www.comoditahome.com\/al\/wp-json\/wp\/v2\/media?parent=34382"}],"wp:term":[{"taxonomy":"product_cat","embeddable":true,"href":"https:\/\/www.comoditahome.com\/al\/wp-json\/wp\/v2\/product_cat?post=34382"},{"taxonomy":"product_tag","embeddable":true,"href":"https:\/\/www.comoditahome.com\/al\/wp-json\/wp\/v2\/product_tag?post=34382"}],"curies":[{"name":"wp","href":"https:\/\/api.w.org\/{rel}","templated":true}]}}