 {"id":34390,"date":"2021-10-23T21:08:37","date_gmt":"2021-10-23T19:08:37","guid":{"rendered":"http:\/\/al.comoditahome.com\/?post_type=product&#038;p=34390"},"modified":"2026-04-23T09:00:01","modified_gmt":"2026-04-23T07:00:01","slug":"tave-me-kapak-earthware-6","status":"publish","type":"product","link":"https:\/\/www.comoditahome.com\/al\/product\/tave-me-kapak-earthware-6\/","title":{"rendered":"Tav\u00eb me kapak Earthware"},"content":{"rendered":"","protected":false},"excerpt":{"rendered":"<p style=\"text-align: left;\">Tava nga linja Earthware ka form\u00ebn ovale \u00e7ka e b\u00ebn\u00eb t\u00eb p\u00ebrshtatshme p\u00ebr servimin e ushqimeve t\u00eb ndryshme. E punuar n\u00eb material t\u00eb \u00e7eramik\u00ebs me vizatime minimaliste t\u00eb gjetheve q\u00eb i shtojn\u00eb nj\u00eb eleganc\u00eb t\u00eb ve\u00e7ant\u00eb, kjo tav\u00eb gjithashtu \u00ebsht\u00eb rezistente ndaj ngjitjeve. Tava vjen s\u00eb bashku me kapakun praktik, duke kompletuar servimin n\u00eb form\u00ebn m\u00eb speciale.<\/p>\n<p style=\"text-align: left;\"><strong>Dimensioni \/ Kompozicioni:<\/strong> 34x21x9cm<\/p>\n<p style=\"text-align: left;\"><strong>NGJYRA:<\/strong> Kalt\u00ebr e hapur<\/p>\n<p style=\"text-align: left;\"><strong>MATERIALI:<\/strong><\/p>\n<p style=\"text-align: left;\"><strong>UDH\u00cbZIMET E P\u00cbRDORIMIT:<\/strong> T\u00eb pastrohet me Dor\u00eb<\/p>\n<p style=\"text-align: left;\"><strong>KUSHTET E KTHIMIT \/ GARANCION:<\/strong> P\u00ebr k\u00ebt\u00eb produkt pranohet reklamacion brenda 24 or\u00ebve pasi t\u00eb pranoni porosin\u00eb.<\/p>\n","protected":false},"featured_media":32756,"template":"","meta":[],"product_cat":[56,55],"product_tag":[],"_links":{"self":[{"href":"https:\/\/www.comoditahome.com\/al\/wp-json\/wp\/v2\/product\/34390"}],"collection":[{"href":"https:\/\/www.comoditahome.com\/al\/wp-json\/wp\/v2\/product"}],"about":[{"href":"https:\/\/www.comoditahome.com\/al\/wp-json\/wp\/v2\/types\/product"}],"version-history":[{"count":0,"href":"https:\/\/www.comoditahome.com\/al\/wp-json\/wp\/v2\/product\/34390\/revisions"}],"wp:featuredmedia":[{"embeddable":true,"href":"https:\/\/www.comoditahome.com\/al\/wp-json\/wp\/v2\/media\/32756"}],"wp:attachment":[{"href":"https:\/\/www.comoditahome.com\/al\/wp-json\/wp\/v2\/media?parent=34390"}],"wp:term":[{"taxonomy":"product_cat","embeddable":true,"href":"https:\/\/www.comoditahome.com\/al\/wp-json\/wp\/v2\/product_cat?post=34390"},{"taxonomy":"product_tag","embeddable":true,"href":"https:\/\/www.comoditahome.com\/al\/wp-json\/wp\/v2\/product_tag?post=34390"}],"curies":[{"name":"wp","href":"https:\/\/api.w.org\/{rel}","templated":true}]}}