 {"id":34393,"date":"2021-10-23T21:08:38","date_gmt":"2021-10-23T19:08:38","guid":{"rendered":"http:\/\/al.comoditahome.com\/?post_type=product&#038;p=34393"},"modified":"2026-04-23T09:00:02","modified_gmt":"2026-04-23T07:00:02","slug":"pjate-rrethore-new-life","status":"publish","type":"product","link":"https:\/\/www.comoditahome.com\/al\/product\/pjate-rrethore-new-life\/","title":{"rendered":"Pjat\u00eb rrethore New Life"},"content":{"rendered":"","protected":false},"excerpt":{"rendered":"<p style=\"text-align: left;\">Kjo pjat\u00eb unike nga linja New Life vjen n\u00eb form\u00eb t\u00eb rrumbullakosur e dekoruar nga nj\u00eb dizajn simetrik me pika me ngjyra roz\u00eb, kafe dhe hiri. Kuzhines tuaj i duhet nj\u00eb set i till\u00eb q\u00eb servimet tuaja t\u00eb jen\u00eb sa m\u00eb moderne.<\/p>\n<p style=\"text-align: left;\"><strong>Dimensioni \/ Kompozicioni:<\/strong> 27cm<\/p>\n<p style=\"text-align: left;\"><strong>NGJYRA:<\/strong> Me dizajn<\/p>\n<p style=\"text-align: left;\"><strong>MATERIALI:<\/strong> Porcelan<\/p>\n<p style=\"text-align: left;\"><strong>UDH\u00cbZIMET E P\u00cbRDORIMIT:<\/strong> T\u00eb pastrohet me Dor\u00eb<\/p>\n<p style=\"text-align: left;\"><strong>KUSHTET E KTHIMIT \/ GARANCION:<\/strong> P\u00ebr k\u00ebt\u00eb produkt pranohet reklamacion brenda 24 or\u00ebve pasi t\u00eb pranoni porosin\u00eb.<\/p>\n","protected":false},"featured_media":32775,"template":"","meta":[],"product_cat":[183,55,63],"product_tag":[],"_links":{"self":[{"href":"https:\/\/www.comoditahome.com\/al\/wp-json\/wp\/v2\/product\/34393"}],"collection":[{"href":"https:\/\/www.comoditahome.com\/al\/wp-json\/wp\/v2\/product"}],"about":[{"href":"https:\/\/www.comoditahome.com\/al\/wp-json\/wp\/v2\/types\/product"}],"version-history":[{"count":0,"href":"https:\/\/www.comoditahome.com\/al\/wp-json\/wp\/v2\/product\/34393\/revisions"}],"wp:featuredmedia":[{"embeddable":true,"href":"https:\/\/www.comoditahome.com\/al\/wp-json\/wp\/v2\/media\/32775"}],"wp:attachment":[{"href":"https:\/\/www.comoditahome.com\/al\/wp-json\/wp\/v2\/media?parent=34393"}],"wp:term":[{"taxonomy":"product_cat","embeddable":true,"href":"https:\/\/www.comoditahome.com\/al\/wp-json\/wp\/v2\/product_cat?post=34393"},{"taxonomy":"product_tag","embeddable":true,"href":"https:\/\/www.comoditahome.com\/al\/wp-json\/wp\/v2\/product_tag?post=34393"}],"curies":[{"name":"wp","href":"https:\/\/api.w.org\/{rel}","templated":true}]}}