 {"id":34395,"date":"2021-10-23T21:08:38","date_gmt":"2021-10-23T19:08:38","guid":{"rendered":"http:\/\/al.comoditahome.com\/?post_type=product&#038;p=34395"},"modified":"2026-04-23T09:00:02","modified_gmt":"2026-04-23T07:00:02","slug":"pjate-star-2","status":"publish","type":"product","link":"https:\/\/www.comoditahome.com\/al\/product\/pjate-star-2\/","title":{"rendered":"Pjat\u00eb Star"},"content":{"rendered":"","protected":false},"excerpt":{"rendered":"<p style=\"text-align: left;\">Pjat\u00eb e vog\u00ebl p\u00ebr s\u00ebrvimin e ushqimeve t\u00eb im\u00ebta, e cila vjen e rafinuar n\u00eb form\u00eb ylli me dizajn me vija paralele. P\u00ebr shkak t\u00eb dizajnit t\u00eb k\u00ebndsh\u00ebm, kjo pjat\u00eb \u00ebsht\u00eb e p\u00ebrshtatshme p\u00ebr ushqimet t\u00eb cilat servohen me \u00e7ajin, kafen\u00eb, kur dekorojm\u00eb tryez\u00ebn e ndonj\u00eb dit\u00eblindjeje apo gjat\u00eb m\u00ebngjesit kur servojm\u00eb biskotat me qum\u00ebsht.<\/p>\n<p style=\"text-align: left;\"><strong>Dimensioni \/ Kompozicioni:<\/strong><\/p>\n<p style=\"text-align: left;\"><strong>NGJYRA:<\/strong> Me dizajn<\/p>\n<p style=\"text-align: left;\"><strong>MATERIALI:<\/strong> Porcelan<\/p>\n<p style=\"text-align: left;\"><strong>UDH\u00cbZIMET E P\u00cbRDORIMIT:<\/strong> T\u00eb pastrohet me Dor\u00eb<\/p>\n<p style=\"text-align: left;\"><strong>KUSHTET E KTHIMIT \/ GARANCION:<\/strong> P\u00ebr k\u00ebt\u00eb produkt pranohet reklamacion brenda 24 or\u00ebve pasi t\u00eb pranoni porosin\u00eb.<\/p>\n","protected":false},"featured_media":32785,"template":"","meta":[],"product_cat":[183,58,55],"product_tag":[],"_links":{"self":[{"href":"https:\/\/www.comoditahome.com\/al\/wp-json\/wp\/v2\/product\/34395"}],"collection":[{"href":"https:\/\/www.comoditahome.com\/al\/wp-json\/wp\/v2\/product"}],"about":[{"href":"https:\/\/www.comoditahome.com\/al\/wp-json\/wp\/v2\/types\/product"}],"version-history":[{"count":0,"href":"https:\/\/www.comoditahome.com\/al\/wp-json\/wp\/v2\/product\/34395\/revisions"}],"wp:featuredmedia":[{"embeddable":true,"href":"https:\/\/www.comoditahome.com\/al\/wp-json\/wp\/v2\/media\/32785"}],"wp:attachment":[{"href":"https:\/\/www.comoditahome.com\/al\/wp-json\/wp\/v2\/media?parent=34395"}],"wp:term":[{"taxonomy":"product_cat","embeddable":true,"href":"https:\/\/www.comoditahome.com\/al\/wp-json\/wp\/v2\/product_cat?post=34395"},{"taxonomy":"product_tag","embeddable":true,"href":"https:\/\/www.comoditahome.com\/al\/wp-json\/wp\/v2\/product_tag?post=34395"}],"curies":[{"name":"wp","href":"https:\/\/api.w.org\/{rel}","templated":true}]}}