 {"id":34402,"date":"2021-10-23T21:08:38","date_gmt":"2021-10-23T19:08:38","guid":{"rendered":"http:\/\/al.comoditahome.com\/?post_type=product&#038;p=34402"},"modified":"2026-04-23T09:00:02","modified_gmt":"2026-04-23T07:00:02","slug":"pjate-rrethore-marble-3","status":"publish","type":"product","link":"https:\/\/www.comoditahome.com\/al\/product\/pjate-rrethore-marble-3\/","title":{"rendered":"Pjat\u00eb rrethore Marble"},"content":{"rendered":"","protected":false},"excerpt":{"rendered":"<p style=\"text-align: left;\">Kjo pjat\u00eb nga linja Marble vjen n\u00eb form\u00eb t\u00eb rrumbullakosur e dekoruar me shk\u00eblqim magjeps\u00ebs dhe rrethime me mur t\u00eb lart\u00eb. Tekstura prej mermeri i jep shije k\u00ebtij koleksioni, q\u00eb transmeton imazhin e madh\u00ebshtis\u00eb dhe autencitetit. Kuzhines tuaj i duhet nj\u00eb pjat\u00eb e till\u00eb q\u00eb prezantimet tuaja t\u00eb jen\u00eb sa m\u00eb elegante.<\/p>\n<p style=\"text-align: left;\"><strong>Dimensioni \/ Kompozicioni:<\/strong> 20cm<\/p>\n<p style=\"text-align: left;\"><strong>NGJYRA:<\/strong> Hiri<\/p>\n<p style=\"text-align: left;\"><strong>MATERIALI:<\/strong> Porcelan<\/p>\n<p style=\"text-align: left;\"><strong>UDH\u00cbZIMET E P\u00cbRDORIMIT:<\/strong> T\u00eb pastrohet me Dor\u00eb<\/p>\n<p style=\"text-align: left;\"><strong>KUSHTET E KTHIMIT \/ GARANCION:<\/strong> P\u00ebr k\u00ebt\u00eb produkt pranohet reklamacion brenda 24 or\u00ebve pasi t\u00eb pranoni porosin\u00eb.<\/p>\n","protected":false},"featured_media":32828,"template":"","meta":[],"product_cat":[183,58,55],"product_tag":[],"_links":{"self":[{"href":"https:\/\/www.comoditahome.com\/al\/wp-json\/wp\/v2\/product\/34402"}],"collection":[{"href":"https:\/\/www.comoditahome.com\/al\/wp-json\/wp\/v2\/product"}],"about":[{"href":"https:\/\/www.comoditahome.com\/al\/wp-json\/wp\/v2\/types\/product"}],"version-history":[{"count":0,"href":"https:\/\/www.comoditahome.com\/al\/wp-json\/wp\/v2\/product\/34402\/revisions"}],"wp:featuredmedia":[{"embeddable":true,"href":"https:\/\/www.comoditahome.com\/al\/wp-json\/wp\/v2\/media\/32828"}],"wp:attachment":[{"href":"https:\/\/www.comoditahome.com\/al\/wp-json\/wp\/v2\/media?parent=34402"}],"wp:term":[{"taxonomy":"product_cat","embeddable":true,"href":"https:\/\/www.comoditahome.com\/al\/wp-json\/wp\/v2\/product_cat?post=34402"},{"taxonomy":"product_tag","embeddable":true,"href":"https:\/\/www.comoditahome.com\/al\/wp-json\/wp\/v2\/product_tag?post=34402"}],"curies":[{"name":"wp","href":"https:\/\/api.w.org\/{rel}","templated":true}]}}