 {"id":34403,"date":"2021-10-23T21:08:38","date_gmt":"2021-10-23T19:08:38","guid":{"rendered":"http:\/\/al.comoditahome.com\/?post_type=product&#038;p=34403"},"modified":"2026-04-23T09:00:02","modified_gmt":"2026-04-23T07:00:02","slug":"tenxhere-azul-gres","status":"publish","type":"product","link":"https:\/\/www.comoditahome.com\/al\/product\/tenxhere-azul-gres\/","title":{"rendered":"Tenxhere Azul Gres"},"content":{"rendered":"","protected":false},"excerpt":{"rendered":"<p style=\"text-align: left;\">Tenxherja Azul Gres vjen n\u00eb form\u00eb t\u00eb rrumbullak\u00ebt me dy doreza ergonomike. P\u00ebr shkak t\u00eb p\u00ebrb\u00ebrjes s\u00eb gurit, kjo tenxhere dallohet p\u00ebr kualitetin cil\u00ebsor\u00eb q\u00eb ofron nj\u00eb jet\u00ebgjat\u00ebsi t\u00eb k\u00ebnaqshme. Sip\u00ebrfaqja e saj baz\u00eb arrin\u00eb t\u00eb ngrohet shpejt, nd\u00ebrsa tenxherja \u00ebsht\u00eb rezistente ndaj g\u00ebrvishtjeve. Gjat\u00eb gatimit duhet t\u00eb p\u00ebrdoren vet\u00ebm lug\u00eb t\u00eb drurit. Tenxherja pastrohet leht\u00eb edhe n\u00eb pjatalar\u00ebse.<\/p>\n<p style=\"text-align: left;\"><strong>Dimensioni \/ Kompozicioni:<\/strong> 24cm<\/p>\n<p style=\"text-align: left;\"><strong>NGJYRA:<\/strong> Hiri<\/p>\n<p style=\"text-align: left;\"><strong>MATERIALI:<\/strong> Guri<\/p>\n<p style=\"text-align: left;\"><strong>UDH\u00cbZIMET E P\u00cbRDORIMIT:<\/strong> I p\u00ebrshtatsh\u00ebm p\u00ebr t\u00eb gjitha burimet e nxeht\u00ebsis\u00eb, p\u00ebrve\u00e7 induksionit<\/p>\n<p style=\"text-align: left;\"><strong>KUSHTET E KTHIMIT \/ GARANCION:<\/strong> P\u00ebr k\u00ebt\u00eb produkt pranohet reklamacion brenda 24 or\u00ebve pasi t\u00eb pranoni porosin\u00eb.<\/p>\n","protected":false},"featured_media":32832,"template":"","meta":[],"product_cat":[56,55],"product_tag":[],"_links":{"self":[{"href":"https:\/\/www.comoditahome.com\/al\/wp-json\/wp\/v2\/product\/34403"}],"collection":[{"href":"https:\/\/www.comoditahome.com\/al\/wp-json\/wp\/v2\/product"}],"about":[{"href":"https:\/\/www.comoditahome.com\/al\/wp-json\/wp\/v2\/types\/product"}],"version-history":[{"count":0,"href":"https:\/\/www.comoditahome.com\/al\/wp-json\/wp\/v2\/product\/34403\/revisions"}],"wp:featuredmedia":[{"embeddable":true,"href":"https:\/\/www.comoditahome.com\/al\/wp-json\/wp\/v2\/media\/32832"}],"wp:attachment":[{"href":"https:\/\/www.comoditahome.com\/al\/wp-json\/wp\/v2\/media?parent=34403"}],"wp:term":[{"taxonomy":"product_cat","embeddable":true,"href":"https:\/\/www.comoditahome.com\/al\/wp-json\/wp\/v2\/product_cat?post=34403"},{"taxonomy":"product_tag","embeddable":true,"href":"https:\/\/www.comoditahome.com\/al\/wp-json\/wp\/v2\/product_tag?post=34403"}],"curies":[{"name":"wp","href":"https:\/\/api.w.org\/{rel}","templated":true}]}}