 {"id":34404,"date":"2021-10-23T21:08:39","date_gmt":"2021-10-23T19:08:39","guid":{"rendered":"http:\/\/al.comoditahome.com\/?post_type=product&#038;p=34404"},"modified":"2026-04-23T09:00:03","modified_gmt":"2026-04-23T07:00:03","slug":"xhezve-elektrike-kivam","status":"publish","type":"product","link":"https:\/\/www.comoditahome.com\/al\/product\/xhezve-elektrike-kivam\/","title":{"rendered":"Xhezve elektrike Kivam"},"content":{"rendered":"","protected":false},"excerpt":{"rendered":"<p style=\"text-align: left;\">Xhezvja elektrike Kivam p\u00ebrgatit\u00eb kafen turke shum\u00eb shpejt dhe me shum\u00eb shije. \u00cbsht\u00eb kompakte dhe mund t\u00eb t\u00ebrhiqet leht\u00ebsisht nga baza ngroh\u00ebse 360\u00b0 e t\u00eb p\u00ebrdoret pa kabllo gjat\u00eb servimit. Ka kapacitet t\u00eb b\u00ebj\u00eb deri n\u00eb 5 gota kafe n\u00eb t\u00eb njejt\u00ebn koh\u00eb, me 850W fuqi. Ka dorez\u00eb rezistente ndaj nxeht\u00ebsis\u00eb, dhe sistem t\u00eb siguris\u00eb kund\u00ebr nxehjes mbi normale apo ndaj munges\u00ebs s\u00eb ujit.<br \/>\n<strong>Dimensioni \/ Kompozicioni:<\/strong> 320ml, 850w<br \/>\n<strong>NGJYRA:<\/strong> Argjend<br \/>\n<strong>MATERIALI:<\/strong> Elektrik\u00eb dhe metal<br \/>\n<strong>UDH\u00cbZIMET E P\u00cbRDORIMIT:<\/strong> T\u00eb pastrohet me Dor\u00eb<br \/>\n<strong>KUSHTET E KTHIMIT \/ GARANCION:<\/strong> P\u00ebr k\u00ebt\u00eb produkt pranohet reklamacion brenda 24 or\u00ebve pasi t\u00eb pranoni porosin\u00eb.<\/p>\n","protected":false},"featured_media":32837,"template":"","meta":[],"product_cat":[55,64,57],"product_tag":[],"_links":{"self":[{"href":"https:\/\/www.comoditahome.com\/al\/wp-json\/wp\/v2\/product\/34404"}],"collection":[{"href":"https:\/\/www.comoditahome.com\/al\/wp-json\/wp\/v2\/product"}],"about":[{"href":"https:\/\/www.comoditahome.com\/al\/wp-json\/wp\/v2\/types\/product"}],"version-history":[{"count":1,"href":"https:\/\/www.comoditahome.com\/al\/wp-json\/wp\/v2\/product\/34404\/revisions"}],"predecessor-version":[{"id":72810,"href":"https:\/\/www.comoditahome.com\/al\/wp-json\/wp\/v2\/product\/34404\/revisions\/72810"}],"wp:featuredmedia":[{"embeddable":true,"href":"https:\/\/www.comoditahome.com\/al\/wp-json\/wp\/v2\/media\/32837"}],"wp:attachment":[{"href":"https:\/\/www.comoditahome.com\/al\/wp-json\/wp\/v2\/media?parent=34404"}],"wp:term":[{"taxonomy":"product_cat","embeddable":true,"href":"https:\/\/www.comoditahome.com\/al\/wp-json\/wp\/v2\/product_cat?post=34404"},{"taxonomy":"product_tag","embeddable":true,"href":"https:\/\/www.comoditahome.com\/al\/wp-json\/wp\/v2\/product_tag?post=34404"}],"curies":[{"name":"wp","href":"https:\/\/api.w.org\/{rel}","templated":true}]}}