 {"id":34405,"date":"2023-10-23T21:08:39","date_gmt":"2023-10-23T19:08:39","guid":{"rendered":"http:\/\/al.comoditahome.com\/?post_type=product&#038;p=34405"},"modified":"2026-04-09T11:54:39","modified_gmt":"2026-04-09T09:54:39","slug":"cajnik-elektrik-dy-pjesesh-akasya","status":"publish","type":"product","link":"https:\/\/www.comoditahome.com\/al\/product\/cajnik-elektrik-dy-pjesesh-akasya\/","title":{"rendered":"\u00c7ajnik elektrik dy pjes\u00ebsh Akasya"},"content":{"rendered":"","protected":false},"excerpt":{"rendered":"<p style=\"text-align: left;\">\u00c7ajnik\u00eb Akasya vjen me nj\u00eb dizajn tejet modern dhe praktik n\u00eb p\u00ebrdorim. Kan\u00eb baz\u00eb t\u00eb ngrohjes 360\u00b0 t\u00eb ndar\u00eb dhe buton automatik p\u00ebr ON\/OFF, i cili ka treguesin edhe me drit\u00eb. P\u00ebrgatitja e \u00e7ajit, me an\u00eb t\u00eb k\u00ebtij \u00e7ajniku \u00ebsht\u00eb m\u00eb e leht\u00eb dhe e shpejt\u00eb. \u00c7ajniku i vog\u00ebl ka kapacitetin 1L, brenda tij vendoset edhe filtrues, nd\u00ebrsa \u00e7ajniku i madh ka kapacitet 2L.<\/p>\n<p style=\"text-align: left;\"><strong>Dimensioni \/ Kompozicioni:<\/strong> 1l \u00e7ajniku i vog\u00ebl, 2l \u00e7ajniku i madh<\/p>\n<p style=\"text-align: left;\"><strong>NGJYRA:<\/strong> Argjend<\/p>\n<p style=\"text-align: left;\"><strong>MATERIALI:<\/strong> Elektrik\u00eb dhe metal<\/p>\n<p style=\"text-align: left;\"><strong>UDH\u00cbZIMET E P\u00cbRDORIMIT:<\/strong> T\u00eb pastrohet me Dor\u00eb<\/p>\n<p style=\"text-align: left;\"><strong>KUSHTET E KTHIMIT \/ GARANCION:<\/strong> P\u00ebr k\u00ebt\u00eb produkt pranohet reklamacion brenda 24 or\u00ebve pasi t\u00eb pranoni porosin\u00eb.<\/p>\n","protected":false},"featured_media":32846,"template":"","meta":[],"product_cat":[55,64,57],"product_tag":[],"_links":{"self":[{"href":"https:\/\/www.comoditahome.com\/al\/wp-json\/wp\/v2\/product\/34405"}],"collection":[{"href":"https:\/\/www.comoditahome.com\/al\/wp-json\/wp\/v2\/product"}],"about":[{"href":"https:\/\/www.comoditahome.com\/al\/wp-json\/wp\/v2\/types\/product"}],"version-history":[{"count":1,"href":"https:\/\/www.comoditahome.com\/al\/wp-json\/wp\/v2\/product\/34405\/revisions"}],"predecessor-version":[{"id":81910,"href":"https:\/\/www.comoditahome.com\/al\/wp-json\/wp\/v2\/product\/34405\/revisions\/81910"}],"wp:featuredmedia":[{"embeddable":true,"href":"https:\/\/www.comoditahome.com\/al\/wp-json\/wp\/v2\/media\/32846"}],"wp:attachment":[{"href":"https:\/\/www.comoditahome.com\/al\/wp-json\/wp\/v2\/media?parent=34405"}],"wp:term":[{"taxonomy":"product_cat","embeddable":true,"href":"https:\/\/www.comoditahome.com\/al\/wp-json\/wp\/v2\/product_cat?post=34405"},{"taxonomy":"product_tag","embeddable":true,"href":"https:\/\/www.comoditahome.com\/al\/wp-json\/wp\/v2\/product_tag?post=34405"}],"curies":[{"name":"wp","href":"https:\/\/api.w.org\/{rel}","templated":true}]}}