 {"id":34407,"date":"2025-10-08T21:08:47","date_gmt":"2025-10-08T19:08:47","guid":{"rendered":"http:\/\/al.comoditahome.com\/?post_type=product&#038;p=34407"},"modified":"2026-03-14T05:51:52","modified_gmt":"2026-03-14T03:51:52","slug":"jorgan-high-line-4-stinor-2","status":"publish","type":"product","link":"https:\/\/www.comoditahome.com\/al\/product\/jorgan-high-line-4-stinor-2\/","title":{"rendered":"Jorgan High Line 4 stinor"},"content":{"rendered":"","protected":false},"excerpt":{"rendered":"<p style=\"text-align: left;\">Jorgani High Line \u00ebsht\u00eb shum\u00eb i but\u00eb dhe antialergjik, i mbushur me fibra dhe mb\u00ebshtjell\u00ebs me mikrofibra. Me sip\u00ebrfaqe t\u00eb fryr\u00eb dhe dizajn klasik t\u00eb qepjes, ky jorgan ka dy shtresa t\u00eb cilat bashkohen me susta, n\u00eb m\u00ebnyr\u00eb q\u00eb t\u00eb p\u00ebrdoret n\u00eb t\u00eb gjitha stin\u00ebt e vitit. Dallohet si ngroh\u00ebs i mir\u00eb pa bartur pesh\u00eb t\u00eb r\u00ebnd\u00eb.<br \/>\n<strong>Dimensioni \/ Kompozicioni:<\/strong> 200x220cm<br \/>\n<strong>NGJYRA:<\/strong> I bardh\u00eb<br \/>\n<strong>MATERIALI:<\/strong> Pambuk me p\u00ebrb\u00ebrje fibrash<br \/>\n<strong>UDH\u00cbZIMET E P\u00cbRDORIMIT:<\/strong> N\u00eb makin\u00eb lar\u00ebse 40\u00b0C<br \/>\n<strong>KUSHTET E KTHIMIT \/ GARANCION:<\/strong> P\u00ebr shkak t\u00eb kontaktit me higjien\u00eb personale, p\u00ebr produktet e tekstilit nuk pranohen kthime apo reklamacione.<\/p>\n","protected":false},"featured_media":32672,"template":"","meta":[],"product_cat":[51,65],"product_tag":[],"_links":{"self":[{"href":"https:\/\/www.comoditahome.com\/al\/wp-json\/wp\/v2\/product\/34407"}],"collection":[{"href":"https:\/\/www.comoditahome.com\/al\/wp-json\/wp\/v2\/product"}],"about":[{"href":"https:\/\/www.comoditahome.com\/al\/wp-json\/wp\/v2\/types\/product"}],"version-history":[{"count":1,"href":"https:\/\/www.comoditahome.com\/al\/wp-json\/wp\/v2\/product\/34407\/revisions"}],"predecessor-version":[{"id":87725,"href":"https:\/\/www.comoditahome.com\/al\/wp-json\/wp\/v2\/product\/34407\/revisions\/87725"}],"wp:featuredmedia":[{"embeddable":true,"href":"https:\/\/www.comoditahome.com\/al\/wp-json\/wp\/v2\/media\/32672"}],"wp:attachment":[{"href":"https:\/\/www.comoditahome.com\/al\/wp-json\/wp\/v2\/media?parent=34407"}],"wp:term":[{"taxonomy":"product_cat","embeddable":true,"href":"https:\/\/www.comoditahome.com\/al\/wp-json\/wp\/v2\/product_cat?post=34407"},{"taxonomy":"product_tag","embeddable":true,"href":"https:\/\/www.comoditahome.com\/al\/wp-json\/wp\/v2\/product_tag?post=34407"}],"curies":[{"name":"wp","href":"https:\/\/api.w.org\/{rel}","templated":true}]}}