 {"id":34459,"date":"2021-10-23T21:08:58","date_gmt":"2021-10-23T19:08:58","guid":{"rendered":"http:\/\/al.comoditahome.com\/?post_type=product&#038;p=34459"},"modified":"2026-04-23T09:00:04","modified_gmt":"2026-04-23T07:00:04","slug":"jastek-fresh-classic","status":"publish","type":"product","link":"https:\/\/www.comoditahome.com\/al\/product\/jastek-fresh-classic\/","title":{"rendered":"Jast\u00ebk Fresh Classic"},"content":{"rendered":"","protected":false},"excerpt":{"rendered":"<p style=\"text-align: left;\">Jast\u00ebku Fresh Classic \u00ebsht\u00eb i mbushur me shkum\u00eb Memory t\u00eb cop\u00ebzuar dhe i qepur me nj\u00eb mb\u00ebshtjell\u00ebs me fibra gjeli p\u00ebr nj\u00eb ambient gjumi jo-alergjik me temperatur\u00eb t\u00eb p\u00ebrshtatur. Jast\u00ebku ka aft\u00ebsi vet\u00eb-formuese dhe i adaptohet tipareve tuaja fizike. \u00cbsht\u00eb i mbushur mjaftuesh\u00ebm p\u00ebr t\u00eb siguruar q\u00ebndrueshm\u00ebri duke mos lejuar q\u00eb sip\u00ebrfaqja t\u00eb sheshohet kur ndryshohet pozita e fjetjes. Fresh Saponetta mb\u00ebshtet qaf\u00ebn duke lejuar shtyll\u00ebn tuaj t\u00eb q\u00ebndroj drejt\u00eb.<\/p>\n<p style=\"text-align: left;\"><strong>Dimensioni \/ Kompozicioni:<\/strong> 60x50cm<\/p>\n<p style=\"text-align: left;\"><strong>NGJYRA:<\/strong> I bardh\u00eb<\/p>\n<p style=\"text-align: left;\"><strong>MATERIALI:<\/strong> Shkum\u00eb Memory<\/p>\n<p style=\"text-align: left;\"><strong>UDH\u00cbZIMET E P\u00cbRDORIMIT:<\/strong> Nuk pastrohet, vet\u00ebm ajroset. Mund t\u00eb lahet vet\u00ebm mb\u00ebshtjell\u00ebsi i jasht\u00ebm.<\/p>\n<p style=\"text-align: left;\"><strong>KUSHTET E KTHIMIT \/ GARANCION:<\/strong> P\u00ebr shkak t\u00eb kontaktit me higjien\u00eb personale, p\u00ebr produktet e tekstilit nuk pranohen kthime apo reklamacione.<\/p>\n","protected":false},"featured_media":32948,"template":"","meta":[],"product_cat":[51,76],"product_tag":[],"_links":{"self":[{"href":"https:\/\/www.comoditahome.com\/al\/wp-json\/wp\/v2\/product\/34459"}],"collection":[{"href":"https:\/\/www.comoditahome.com\/al\/wp-json\/wp\/v2\/product"}],"about":[{"href":"https:\/\/www.comoditahome.com\/al\/wp-json\/wp\/v2\/types\/product"}],"version-history":[{"count":1,"href":"https:\/\/www.comoditahome.com\/al\/wp-json\/wp\/v2\/product\/34459\/revisions"}],"predecessor-version":[{"id":75608,"href":"https:\/\/www.comoditahome.com\/al\/wp-json\/wp\/v2\/product\/34459\/revisions\/75608"}],"wp:featuredmedia":[{"embeddable":true,"href":"https:\/\/www.comoditahome.com\/al\/wp-json\/wp\/v2\/media\/32948"}],"wp:attachment":[{"href":"https:\/\/www.comoditahome.com\/al\/wp-json\/wp\/v2\/media?parent=34459"}],"wp:term":[{"taxonomy":"product_cat","embeddable":true,"href":"https:\/\/www.comoditahome.com\/al\/wp-json\/wp\/v2\/product_cat?post=34459"},{"taxonomy":"product_tag","embeddable":true,"href":"https:\/\/www.comoditahome.com\/al\/wp-json\/wp\/v2\/product_tag?post=34459"}],"curies":[{"name":"wp","href":"https:\/\/api.w.org\/{rel}","templated":true}]}}