 {"id":34460,"date":"2021-10-23T21:08:58","date_gmt":"2021-10-23T19:08:58","guid":{"rendered":"http:\/\/al.comoditahome.com\/?post_type=product&#038;p=34460"},"modified":"2026-04-23T09:00:04","modified_gmt":"2026-04-23T07:00:04","slug":"jastek-kujdesi-per-gra-shtatezena","status":"publish","type":"product","link":"https:\/\/www.comoditahome.com\/al\/product\/jastek-kujdesi-per-gra-shtatezena\/","title":{"rendered":"Jast\u00ebk kujdesi p\u00ebr gra shtat\u00ebz\u00ebna"},"content":{"rendered":"","protected":false},"excerpt":{"rendered":"<p style=\"text-align: left;\">Jast\u00ebku i kujdesit p\u00ebr gra shtat\u00ebz\u00ebna, krahas rehatis\u00eb q\u00eb mund t\u00eb ju ofroj gjat\u00eb shtat\u00ebzanis\u00eb, p\u00ebrdoret edhe si mjet p\u00ebr t\u00eb ndihmuar foshnjat t\u00eb m\u00ebsojn\u00eb se si t\u00eb mb\u00ebshtesin veten, kur foshnjat m\u00ebsojn\u00eb t\u00eb ulen t\u00eb pamb\u00ebshtetur, apo gjat\u00eb ushqimit t\u00eb foshnj\u00ebs me gji. Me material tejet t\u00eb but\u00eb, ky jast\u00ebk mund t\u00eb form\u00ebsohet sipas nevoj\u00ebs n\u00eb form\u00eb t\u00eb rrumbullak\u00ebt apo t\u00eb drejt\u00eb.<\/p>\n<p style=\"text-align: left;\"><strong>Dimensioni \/ Kompozicioni:<\/strong> 48cm<\/p>\n<p style=\"text-align: left;\"><strong>NGJYRA:<\/strong> I kalt\u00ebr<\/p>\n<p style=\"text-align: left;\"><strong>MATERIALI:<\/strong> Poliest\u00ebr<\/p>\n<p style=\"text-align: left;\"><strong>UDH\u00cbZIMET E P\u00cbRDORIMIT:<\/strong> Nuk pastrohet, vet\u00ebm ajroset.<\/p>\n<p style=\"text-align: left;\"><strong>KUSHTET E KTHIMIT \/ GARANCION:<\/strong> P\u00ebr shkak t\u00eb kontaktit me higjien\u00eb personale, p\u00ebr produktet e tekstilit nuk pranohen kthime apo reklamacione.<\/p>\n","protected":false},"featured_media":32953,"template":"","meta":[],"product_cat":[51,76],"product_tag":[],"_links":{"self":[{"href":"https:\/\/www.comoditahome.com\/al\/wp-json\/wp\/v2\/product\/34460"}],"collection":[{"href":"https:\/\/www.comoditahome.com\/al\/wp-json\/wp\/v2\/product"}],"about":[{"href":"https:\/\/www.comoditahome.com\/al\/wp-json\/wp\/v2\/types\/product"}],"version-history":[{"count":0,"href":"https:\/\/www.comoditahome.com\/al\/wp-json\/wp\/v2\/product\/34460\/revisions"}],"wp:featuredmedia":[{"embeddable":true,"href":"https:\/\/www.comoditahome.com\/al\/wp-json\/wp\/v2\/media\/32953"}],"wp:attachment":[{"href":"https:\/\/www.comoditahome.com\/al\/wp-json\/wp\/v2\/media?parent=34460"}],"wp:term":[{"taxonomy":"product_cat","embeddable":true,"href":"https:\/\/www.comoditahome.com\/al\/wp-json\/wp\/v2\/product_cat?post=34460"},{"taxonomy":"product_tag","embeddable":true,"href":"https:\/\/www.comoditahome.com\/al\/wp-json\/wp\/v2\/product_tag?post=34460"}],"curies":[{"name":"wp","href":"https:\/\/api.w.org\/{rel}","templated":true}]}}