 {"id":34461,"date":"2021-10-23T21:08:58","date_gmt":"2021-10-23T19:08:58","guid":{"rendered":"http:\/\/al.comoditahome.com\/?post_type=product&#038;p=34461"},"modified":"2026-04-23T09:00:04","modified_gmt":"2026-04-23T07:00:04","slug":"jastek-klasik-silver","status":"publish","type":"product","link":"https:\/\/www.comoditahome.com\/al\/product\/jastek-klasik-silver\/","title":{"rendered":"Jast\u00ebk Klasik Silver"},"content":{"rendered":"","protected":false},"excerpt":{"rendered":"<p style=\"text-align: left;\">Jast\u00ebku klasik Silver \u00ebsht\u00eb i mbushur me shkum\u00eb Memory t\u00eb cop\u00ebzuar dhe i qepur me nj\u00eb mb\u00ebshtjell\u00ebs me fibra argjendi q\u00eb e b\u00ebjn\u00eb natyrsh\u00ebm antimikrobik dhe rezistent ndaj insekteve t\u00eb pluhurit. Jast\u00ebku ka aft\u00ebsi vet\u00eb-formuese dhe i adaptohet tipareve tuaja fizike. \u00cbsht\u00eb i mbushur mjaftuesh\u00ebm p\u00ebr t\u00eb siguruar q\u00ebndrueshm\u00ebri duke mos lejuar q\u00eb sip\u00ebrfaqja t\u00eb sheshohet kur ndryshohet pozita e fjetjes. Jast\u00ebku \u00ebsht\u00eb dizajnuar edhe p\u00ebr ata persona q\u00eb p\u00eblqejn\u00eb t\u00eb flejn\u00eb anash, duke mb\u00ebshtetur qaf\u00ebn dhe lejuar shtyll\u00ebn tuaj t\u00eb q\u00ebndroj drejt\u00eb.<\/p>\n<p style=\"text-align: left;\"><strong>Dimensioni \/ Kompozicioni:<\/strong> 50x60cm<\/p>\n<p style=\"text-align: left;\"><strong>NGJYRA:<\/strong> Me dizajn<\/p>\n<p style=\"text-align: left;\"><strong>MATERIALI:<\/strong> Kombinim i shkum\u00ebs Memory dhe poliuretane<\/p>\n<p style=\"text-align: left;\"><strong>UDH\u00cbZIMET E P\u00cbRDORIMIT:<\/strong> Nuk pastrohet, vet\u00ebm ajroset.<\/p>\n<p style=\"text-align: left;\"><strong>KUSHTET E KTHIMIT \/ GARANCION:<\/strong> P\u00ebr shkak t\u00eb kontaktit me higjien\u00eb personale, p\u00ebr produktet e tekstilit nuk pranohen kthime apo reklamacione.<\/p>\n","protected":false},"featured_media":32957,"template":"","meta":[],"product_cat":[183,51,76],"product_tag":[],"_links":{"self":[{"href":"https:\/\/www.comoditahome.com\/al\/wp-json\/wp\/v2\/product\/34461"}],"collection":[{"href":"https:\/\/www.comoditahome.com\/al\/wp-json\/wp\/v2\/product"}],"about":[{"href":"https:\/\/www.comoditahome.com\/al\/wp-json\/wp\/v2\/types\/product"}],"version-history":[{"count":1,"href":"https:\/\/www.comoditahome.com\/al\/wp-json\/wp\/v2\/product\/34461\/revisions"}],"predecessor-version":[{"id":55203,"href":"https:\/\/www.comoditahome.com\/al\/wp-json\/wp\/v2\/product\/34461\/revisions\/55203"}],"wp:featuredmedia":[{"embeddable":true,"href":"https:\/\/www.comoditahome.com\/al\/wp-json\/wp\/v2\/media\/32957"}],"wp:attachment":[{"href":"https:\/\/www.comoditahome.com\/al\/wp-json\/wp\/v2\/media?parent=34461"}],"wp:term":[{"taxonomy":"product_cat","embeddable":true,"href":"https:\/\/www.comoditahome.com\/al\/wp-json\/wp\/v2\/product_cat?post=34461"},{"taxonomy":"product_tag","embeddable":true,"href":"https:\/\/www.comoditahome.com\/al\/wp-json\/wp\/v2\/product_tag?post=34461"}],"curies":[{"name":"wp","href":"https:\/\/api.w.org\/{rel}","templated":true}]}}