 {"id":34462,"date":"2021-10-23T21:08:58","date_gmt":"2021-10-23T19:08:58","guid":{"rendered":"http:\/\/al.comoditahome.com\/?post_type=product&#038;p=34462"},"modified":"2024-07-30T22:19:45","modified_gmt":"2024-07-30T20:19:45","slug":"mbishtrese-gel-infused","status":"publish","type":"product","link":"https:\/\/www.comoditahome.com\/al\/product\/mbishtrese-gel-infused\/","title":{"rendered":"Mbishtres\u00eb Gel Infused"},"content":{"rendered":"","protected":false},"excerpt":{"rendered":"<p style=\"text-align: left;\">Mbishtresa Gel Infused \u00ebsht\u00eb dizajnuar p\u00ebr t\u00eb ofruar mb\u00ebshtetje ideale dhe minimizuar l\u00ebkundjet dhe presionin. Ka nj\u00eb trash\u00ebsi prej 5cm dhe nj\u00eb strukutur\u00eb t\u00eb lart\u00eb ajros\u00ebse t\u00eb shkum\u00ebs pozore. Gel Infused ka p\u00ebrmbajtje xheli memory, me nj\u00eb nd\u00ebrtim t\u00eb konturuar n\u00eb m\u00ebnyr\u00eb q\u00eb t\u00eb ju siguroj nj\u00eb sip\u00ebrfaqe t\u00eb rehatshme gjumi, duke mb\u00ebshtetur t\u00eb gjitha linjat e trupit p\u00ebr t\u00eb krijuar nj\u00eb p\u00ebrvoj\u00eb t\u00eb individualizuar q\u00eb eliminon pikat e presionit. Mbishtresa \u00ebsht\u00eb antibakteriale dhe rezistente ndaj pluhurit.<\/p>\n<p style=\"text-align: left;\"><strong>Dimensioni \/ Kompozicioni:<\/strong> 200x90cm, 200x120cm, 190x120cm, 190x140cm, 200x160cm dhe 200x180cm<\/p>\n<p style=\"text-align: left;\"><strong>NGJYRA:<\/strong> Ngjyra mund t\u00eb jet\u00eb e llojllojshme<\/p>\n<p style=\"text-align: left;\"><strong>MATERIALI:<\/strong>Shkum\u00eb Memory<\/p>\n<p style=\"text-align: left;\"><strong>UDH\u00cbZIMET E P\u00cbRDORIMIT:<\/strong> Nuk pastrohet, vet\u00ebm ajroset.<\/p>\n<p style=\"text-align: left;\"><strong>KUSHTET E KTHIMIT \/ GARANCION:<\/strong> P\u00ebr shkak t\u00eb kontaktit me higjien\u00eb personale, p\u00ebr produktet e tekstilit nuk pranohen kthime apo reklamacione.<\/p>\n","protected":false},"featured_media":32969,"template":"","meta":[],"product_cat":[51,86],"product_tag":[],"_links":{"self":[{"href":"https:\/\/www.comoditahome.com\/al\/wp-json\/wp\/v2\/product\/34462"}],"collection":[{"href":"https:\/\/www.comoditahome.com\/al\/wp-json\/wp\/v2\/product"}],"about":[{"href":"https:\/\/www.comoditahome.com\/al\/wp-json\/wp\/v2\/types\/product"}],"version-history":[{"count":2,"href":"https:\/\/www.comoditahome.com\/al\/wp-json\/wp\/v2\/product\/34462\/revisions"}],"predecessor-version":[{"id":74821,"href":"https:\/\/www.comoditahome.com\/al\/wp-json\/wp\/v2\/product\/34462\/revisions\/74821"}],"wp:featuredmedia":[{"embeddable":true,"href":"https:\/\/www.comoditahome.com\/al\/wp-json\/wp\/v2\/media\/32969"}],"wp:attachment":[{"href":"https:\/\/www.comoditahome.com\/al\/wp-json\/wp\/v2\/media?parent=34462"}],"wp:term":[{"taxonomy":"product_cat","embeddable":true,"href":"https:\/\/www.comoditahome.com\/al\/wp-json\/wp\/v2\/product_cat?post=34462"},{"taxonomy":"product_tag","embeddable":true,"href":"https:\/\/www.comoditahome.com\/al\/wp-json\/wp\/v2\/product_tag?post=34462"}],"curies":[{"name":"wp","href":"https:\/\/api.w.org\/{rel}","templated":true}]}}