 {"id":34476,"date":"2021-10-23T21:09:12","date_gmt":"2021-10-23T19:09:12","guid":{"rendered":"http:\/\/al.comoditahome.com\/?post_type=product&#038;p=34476"},"modified":"2026-03-02T09:11:25","modified_gmt":"2026-03-02T07:11:25","slug":"jorgan-comfort-brushed-2","status":"publish","type":"product","link":"https:\/\/www.comoditahome.com\/al\/product\/jorgan-comfort-brushed-2\/","title":{"rendered":"Jorgan Comfort Brushed"},"content":{"rendered":"","protected":false},"excerpt":{"rendered":"<p style=\"text-align: left;\">Jorgani Brushed \u00ebsht\u00eb shum\u00eb i but\u00eb dhe antialergjik, ka tekstur\u00eb t\u00eb but\u00eb me qepje me katror\u00eb simetrik. Dallohet si ngroh\u00ebs i mir\u00eb pa bartur pesh\u00eb t\u00eb r\u00ebnd\u00eb, i p\u00ebrshtatsh\u00ebm p\u00ebr 4 stin\u00ebt e vitit.<\/p>\n<p style=\"text-align: left;\"><strong>Dimensioni \/ Kompozicioni:<\/strong> 200x200cm<\/p>\n<p style=\"text-align: left;\"><strong>NGJYRA:<\/strong> Hiri<\/p>\n<p style=\"text-align: left;\"><strong>MATERIALI:<\/strong> Mbushje fibrash<\/p>\n<p style=\"text-align: left;\"><strong>UDH\u00cbZIMET E P\u00cbRDORIMIT:<\/strong> N\u00eb makin\u00eb lar\u00ebse 40\u00b0C<\/p>\n<p style=\"text-align: left;\"><strong>KUSHTET E KTHIMIT \/ GARANCION:<\/strong> P\u00ebr shkak t\u00eb kontaktit me higjien\u00eb personale, p\u00ebr produktet e tekstilit nuk pranohen kthime apo reklamacione.<\/p>\n","protected":false},"featured_media":32976,"template":"","meta":[],"product_cat":[51,65],"product_tag":[],"_links":{"self":[{"href":"https:\/\/www.comoditahome.com\/al\/wp-json\/wp\/v2\/product\/34476"}],"collection":[{"href":"https:\/\/www.comoditahome.com\/al\/wp-json\/wp\/v2\/product"}],"about":[{"href":"https:\/\/www.comoditahome.com\/al\/wp-json\/wp\/v2\/types\/product"}],"version-history":[{"count":0,"href":"https:\/\/www.comoditahome.com\/al\/wp-json\/wp\/v2\/product\/34476\/revisions"}],"wp:featuredmedia":[{"embeddable":true,"href":"https:\/\/www.comoditahome.com\/al\/wp-json\/wp\/v2\/media\/32976"}],"wp:attachment":[{"href":"https:\/\/www.comoditahome.com\/al\/wp-json\/wp\/v2\/media?parent=34476"}],"wp:term":[{"taxonomy":"product_cat","embeddable":true,"href":"https:\/\/www.comoditahome.com\/al\/wp-json\/wp\/v2\/product_cat?post=34476"},{"taxonomy":"product_tag","embeddable":true,"href":"https:\/\/www.comoditahome.com\/al\/wp-json\/wp\/v2\/product_tag?post=34476"}],"curies":[{"name":"wp","href":"https:\/\/api.w.org\/{rel}","templated":true}]}}