 {"id":34481,"date":"2021-10-23T21:09:13","date_gmt":"2021-10-23T19:09:13","guid":{"rendered":"http:\/\/al.comoditahome.com\/?post_type=product&#038;p=34481"},"modified":"2026-04-23T09:00:05","modified_gmt":"2026-04-23T07:00:05","slug":"jasek-best-shape","status":"publish","type":"product","link":"https:\/\/www.comoditahome.com\/al\/product\/jasek-best-shape\/","title":{"rendered":"Jas\u00ebk Best Shape"},"content":{"rendered":"","protected":false},"excerpt":{"rendered":"<p style=\"text-align: left;\">Jas\u00ebku Best Shape ka p\u00ebrb\u00ebrje t\u00eb shkum\u00ebs Memory dhe \u00ebsht\u00eb i rafinuar n\u00eb nj\u00eb kontur\u00eb ergonomike q\u00eb ofron mb\u00ebshtetje optimale e natyrale t\u00eb kok\u00ebs, qaf\u00ebs dhe fillimshpin\u00ebs. I nd\u00ebrtuar me nj\u00eb num\u00ebr vrimash q\u00eb p\u00ebrmir\u00ebsojn\u00eb duksh\u00ebm transpiracionin duke e ulur nivelin e lag\u00ebshtis\u00eb, leht\u00ebson poashtu qarkullimin e gjakut dhe relaksimin e muskujve. Best Shape i p\u00ebrshtatet temperatur\u00ebs s\u00eb trupit n\u00eb kushte normale pavar\u00ebsisht temperatur\u00ebs t\u00eb ambientit.<\/p>\n<p style=\"text-align: left;\"><strong>Dimensioni \/ Kompozicioni:<\/strong> 72x42x13cm<\/p>\n<p style=\"text-align: left;\"><strong>NGJYRA:<\/strong> I bardh\u00eb<\/p>\n<p style=\"text-align: left;\"><strong>MATERIALI:<\/strong> Shkum\u00eb Memory<\/p>\n<p style=\"text-align: left;\"><strong>UDH\u00cbZIMET E P\u00cbRDORIMIT:<\/strong> Nuk pastrohet, vet\u00ebm ajroset.<\/p>\n<p style=\"text-align: left;\"><strong>KUSHTET E KTHIMIT \/ GARANCION:<\/strong> P\u00ebr shkak t\u00eb kontaktit me higjien\u00eb personale, p\u00ebr produktet e tekstilit nuk pranohen kthime apo reklamacione.<\/p>\n","protected":false},"featured_media":33002,"template":"","meta":[],"product_cat":[51,76],"product_tag":[],"_links":{"self":[{"href":"https:\/\/www.comoditahome.com\/al\/wp-json\/wp\/v2\/product\/34481"}],"collection":[{"href":"https:\/\/www.comoditahome.com\/al\/wp-json\/wp\/v2\/product"}],"about":[{"href":"https:\/\/www.comoditahome.com\/al\/wp-json\/wp\/v2\/types\/product"}],"version-history":[{"count":1,"href":"https:\/\/www.comoditahome.com\/al\/wp-json\/wp\/v2\/product\/34481\/revisions"}],"predecessor-version":[{"id":75012,"href":"https:\/\/www.comoditahome.com\/al\/wp-json\/wp\/v2\/product\/34481\/revisions\/75012"}],"wp:featuredmedia":[{"embeddable":true,"href":"https:\/\/www.comoditahome.com\/al\/wp-json\/wp\/v2\/media\/33002"}],"wp:attachment":[{"href":"https:\/\/www.comoditahome.com\/al\/wp-json\/wp\/v2\/media?parent=34481"}],"wp:term":[{"taxonomy":"product_cat","embeddable":true,"href":"https:\/\/www.comoditahome.com\/al\/wp-json\/wp\/v2\/product_cat?post=34481"},{"taxonomy":"product_tag","embeddable":true,"href":"https:\/\/www.comoditahome.com\/al\/wp-json\/wp\/v2\/product_tag?post=34481"}],"curies":[{"name":"wp","href":"https:\/\/api.w.org\/{rel}","templated":true}]}}