 {"id":34484,"date":"2021-10-23T21:09:13","date_gmt":"2021-10-23T19:09:13","guid":{"rendered":"http:\/\/al.comoditahome.com\/?post_type=product&#038;p=34484"},"modified":"2026-04-23T09:00:05","modified_gmt":"2026-04-23T07:00:05","slug":"dyshek-per-bebe-panda","status":"publish","type":"product","link":"https:\/\/www.comoditahome.com\/al\/product\/dyshek-per-bebe-panda\/","title":{"rendered":"Dyshek p\u00ebr bebe Panda"},"content":{"rendered":"","protected":false},"excerpt":{"rendered":"<p style=\"text-align: left;\">Dysheku Panda p\u00ebr bebe \u00ebsht\u00eb me trash\u00ebsi prej 12cm dhe vjen me nj\u00eb mb\u00ebshtjell\u00ebs pambuku me mikrofibra t\u00eb dizajnuar p\u00ebr t\u00eb ofruar rehati gjat\u00eb fjetjes. Strukturua e dyshekut njihet p\u00ebr elasticitetin e shkum\u00ebs polietane q\u00eb ofron mb\u00ebshtetje optimale p\u00ebr form\u00ebn e trupit. Shtresa e shpuz\u00ebs \u00ebsht\u00eb e but\u00eb me sip\u00ebrfaqe t\u00eb konturuar. Dysheku \u00ebsht\u00eb dizajnuar p\u00ebr t\u00eb ju p\u00ebrshtatur fazave t\u00eb ndryshme t\u00eb zhvillimit t\u00eb m\u00eb t\u00eb vegj\u00eblve dhe rekomandohet edhe p\u00ebr periudh\u00ebn kur f\u00ebmija nuk e ka ende aft\u00ebsin\u00eb p\u00ebr t\u00eb l\u00ebvizur. Panda ka nj\u00eb material t\u00eb but\u00eb, q\u00eb i p\u00ebrshtatet l\u00ebkur\u00ebs s\u00eb f\u00ebmij\u00ebve. Dysheku mban larg bakteret dhe alergjit\u00eb, duke ofruar nj\u00eb ambient t\u00eb sh\u00ebndetsh\u00ebm p\u00ebr ta.<\/p>\n<p style=\"text-align: left;\"><strong>Dimensioni \/ Kompozicioni:<\/strong> 120x60cm<\/p>\n<p style=\"text-align: left;\"><strong>NGJYRA:<\/strong> Me dizajn<\/p>\n<p style=\"text-align: left;\"><strong>MATERIALI:<\/strong> Shpuz\u00eb poliuretane me mb\u00ebshtjell\u00ebs pambuku<\/p>\n<p style=\"text-align: left;\"><strong>KUSHTET E KTHIMIT \/ GARANCION:<\/strong> P\u00ebr shkak t\u00eb kontaktit me higjien\u00eb personale, p\u00ebr produktet e tekstilit nuk pranohen kthime apo reklamacione.<\/p>\n<p><span style=\"color: #ffffff;\">20<\/span><\/p>\n<p>&nbsp;<\/p>\n<p><span style=\"color: #ffffff;\">20<\/span><\/p>\n","protected":false},"featured_media":33021,"template":"","meta":[],"product_cat":[87,53],"product_tag":[],"_links":{"self":[{"href":"https:\/\/www.comoditahome.com\/al\/wp-json\/wp\/v2\/product\/34484"}],"collection":[{"href":"https:\/\/www.comoditahome.com\/al\/wp-json\/wp\/v2\/product"}],"about":[{"href":"https:\/\/www.comoditahome.com\/al\/wp-json\/wp\/v2\/types\/product"}],"version-history":[{"count":2,"href":"https:\/\/www.comoditahome.com\/al\/wp-json\/wp\/v2\/product\/34484\/revisions"}],"predecessor-version":[{"id":89352,"href":"https:\/\/www.comoditahome.com\/al\/wp-json\/wp\/v2\/product\/34484\/revisions\/89352"}],"wp:featuredmedia":[{"embeddable":true,"href":"https:\/\/www.comoditahome.com\/al\/wp-json\/wp\/v2\/media\/33021"}],"wp:attachment":[{"href":"https:\/\/www.comoditahome.com\/al\/wp-json\/wp\/v2\/media?parent=34484"}],"wp:term":[{"taxonomy":"product_cat","embeddable":true,"href":"https:\/\/www.comoditahome.com\/al\/wp-json\/wp\/v2\/product_cat?post=34484"},{"taxonomy":"product_tag","embeddable":true,"href":"https:\/\/www.comoditahome.com\/al\/wp-json\/wp\/v2\/product_tag?post=34484"}],"curies":[{"name":"wp","href":"https:\/\/api.w.org\/{rel}","templated":true}]}}