 {"id":34491,"date":"2021-10-23T21:09:14","date_gmt":"2021-10-23T19:09:14","guid":{"rendered":"http:\/\/al.comoditahome.com\/?post_type=product&#038;p=34491"},"modified":"2026-04-09T11:54:41","modified_gmt":"2026-04-09T09:54:41","slug":"cante-kozmetike-champagne","status":"publish","type":"product","link":"https:\/\/www.comoditahome.com\/al\/product\/cante-kozmetike-champagne\/","title":{"rendered":"\u00c7ant\u00eb kozmetike Champagne"},"content":{"rendered":"","protected":false},"excerpt":{"rendered":"<p style=\"text-align: left;\">\u00c7anta e kozmetik\u00ebs Regent vjen n\u00eb ngjyr\u00eb dhe model unik. \u00cbsht\u00eb elemnti i cili kompleton m\u00eb s\u00eb miri setin tuaj t\u00eb udh\u00ebtimit. Dallohet p\u00ebr materialin e q\u00ebndruesh\u00ebm q\u00eb \u00ebsht\u00eb testuar p\u00ebr t&#8217;i rezistuar sfidave t\u00eb udh\u00ebtimeve t\u00eb shpeshta. \u00c7anta hapet dhe mbyllet me zingjir me q\u00ebndrueshm\u00ebri t\u00eb lart\u00eb dhe doreza ergonomike p\u00ebr p\u00ebrdorim t\u00eb leht\u00eb. Pjesa e saj e jashtme \u00ebsht\u00eb e p\u00ebrforcuar dhe rezistente ndaj g\u00ebrvishtjeve, nd\u00ebrsa p\u00ebrbrenda, valixhja mban gj\u00ebsendet t\u00eb sigurta nga lag\u00ebshtia.<\/p>\n<p style=\"text-align: left;\"><strong>Dimensioni \/ Kompozicioni:<\/strong><\/p>\n<p style=\"text-align: left;\"><strong>NGJYRA:<\/strong> E kremt\u00eb\/p&gt;<\/p>\n<p style=\"text-align: left;\"><strong>MATERIALI:<\/strong> Plastike<\/p>\n<p style=\"text-align: left;\"><strong>UDH\u00cbZIMET E P\u00cbRDORIMIT:<\/strong> T\u00eb pastrohet me Dor\u00eb<\/p>\n<p style=\"text-align: left;\"><strong>KUSHTET E KTHIMIT \/ GARANCION:<\/strong> P\u00ebr k\u00ebt\u00eb produkt pranohet reklamacion brenda 24 or\u00ebve pasi t\u00eb pranoni porosin\u00eb.<\/p>\n<p>&nbsp;<\/p>\n<p><span style=\"color: #ffffff;\">3907489170477<\/span><\/p>\n","protected":false},"featured_media":34504,"template":"","meta":[],"product_cat":[88],"product_tag":[],"_links":{"self":[{"href":"https:\/\/www.comoditahome.com\/al\/wp-json\/wp\/v2\/product\/34491"}],"collection":[{"href":"https:\/\/www.comoditahome.com\/al\/wp-json\/wp\/v2\/product"}],"about":[{"href":"https:\/\/www.comoditahome.com\/al\/wp-json\/wp\/v2\/types\/product"}],"version-history":[{"count":2,"href":"https:\/\/www.comoditahome.com\/al\/wp-json\/wp\/v2\/product\/34491\/revisions"}],"predecessor-version":[{"id":66846,"href":"https:\/\/www.comoditahome.com\/al\/wp-json\/wp\/v2\/product\/34491\/revisions\/66846"}],"wp:featuredmedia":[{"embeddable":true,"href":"https:\/\/www.comoditahome.com\/al\/wp-json\/wp\/v2\/media\/34504"}],"wp:attachment":[{"href":"https:\/\/www.comoditahome.com\/al\/wp-json\/wp\/v2\/media?parent=34491"}],"wp:term":[{"taxonomy":"product_cat","embeddable":true,"href":"https:\/\/www.comoditahome.com\/al\/wp-json\/wp\/v2\/product_cat?post=34491"},{"taxonomy":"product_tag","embeddable":true,"href":"https:\/\/www.comoditahome.com\/al\/wp-json\/wp\/v2\/product_tag?post=34491"}],"curies":[{"name":"wp","href":"https:\/\/api.w.org\/{rel}","templated":true}]}}