 {"id":34542,"date":"2025-10-05T21:09:37","date_gmt":"2025-10-05T19:09:37","guid":{"rendered":"http:\/\/al.comoditahome.com\/?post_type=product&#038;p=34542"},"modified":"2026-05-12T21:13:44","modified_gmt":"2026-05-12T19:13:44","slug":"jastek-medium-line","status":"publish","type":"product","link":"https:\/\/www.comoditahome.com\/al\/product\/jastek-medium-line\/","title":{"rendered":"Jast\u00ebk Hollofibra"},"content":{"rendered":"","protected":false},"excerpt":{"rendered":"<p style=\"text-align: left;\">Jast\u00ebku Hollofibra ofron mb\u00ebshtetje mesatare p\u00ebr qaf\u00ebn dhe supet tuaja. Dizajni i tij dallohet p\u00ebr pamjen klasike me model qepje sikur kuti t\u00eb theksuar me qepje t\u00eb dyfisht\u00eb n\u00eb t\u00eb gjitha cepet. Ka mbushje t\u00eb mesme.<br \/>\n<strong>Dimensioni \/ Kompozicioni:<\/strong> 70x50cm<br \/>\n<strong>NGJYRA:<\/strong> I bardh\u00eb<br \/>\n<strong>MATERIALI:<\/strong> Pambuk me p\u00ebrb\u00ebrje fibrash<br \/>\n<strong>UDH\u00cbZIMET E P\u00cbRDORIMIT:<\/strong> Nuk pastrohet, vet\u00ebm ajroset<br \/>\n<strong>KUSHTET E KTHIMIT \/ GARANCION:<\/strong> P\u00ebr shkak t\u00eb kontaktit me higjien\u00eb personale, p\u00ebr produktet e tekstilit nuk pranohen kthime apo reklamacione.<\/p>\n","protected":false},"featured_media":33118,"template":"","meta":[],"product_cat":[199,51,76],"product_tag":[],"_links":{"self":[{"href":"https:\/\/www.comoditahome.com\/al\/wp-json\/wp\/v2\/product\/34542"}],"collection":[{"href":"https:\/\/www.comoditahome.com\/al\/wp-json\/wp\/v2\/product"}],"about":[{"href":"https:\/\/www.comoditahome.com\/al\/wp-json\/wp\/v2\/types\/product"}],"version-history":[{"count":3,"href":"https:\/\/www.comoditahome.com\/al\/wp-json\/wp\/v2\/product\/34542\/revisions"}],"predecessor-version":[{"id":73948,"href":"https:\/\/www.comoditahome.com\/al\/wp-json\/wp\/v2\/product\/34542\/revisions\/73948"}],"wp:featuredmedia":[{"embeddable":true,"href":"https:\/\/www.comoditahome.com\/al\/wp-json\/wp\/v2\/media\/33118"}],"wp:attachment":[{"href":"https:\/\/www.comoditahome.com\/al\/wp-json\/wp\/v2\/media?parent=34542"}],"wp:term":[{"taxonomy":"product_cat","embeddable":true,"href":"https:\/\/www.comoditahome.com\/al\/wp-json\/wp\/v2\/product_cat?post=34542"},{"taxonomy":"product_tag","embeddable":true,"href":"https:\/\/www.comoditahome.com\/al\/wp-json\/wp\/v2\/product_tag?post=34542"}],"curies":[{"name":"wp","href":"https:\/\/api.w.org\/{rel}","templated":true}]}}