 {"id":34609,"date":"2021-10-23T21:09:57","date_gmt":"2021-10-23T19:09:57","guid":{"rendered":"http:\/\/al.comoditahome.com\/?post_type=product&#038;p=34609"},"modified":"2026-04-09T11:54:43","modified_gmt":"2026-04-09T09:54:43","slug":"kornize-fotografie-unicorn","status":"publish","type":"product","link":"https:\/\/www.comoditahome.com\/al\/product\/kornize-fotografie-unicorn\/","title":{"rendered":"Korniz\u00eb fotografie Unicorn"},"content":{"rendered":"","protected":false},"excerpt":{"rendered":"<p style=\"text-align: left;\">Korniza e fotografis\u00eb, me nj\u00eb pikturim t\u00eb k\u00ebndsh\u00ebm nj\u00ebbrir\u00ebshi me fije 3dimensionale t\u00eb flok\u00ebve, \u00ebsht\u00eb aksesori i preferuar p\u00ebr dhom\u00ebn e m\u00eb t\u00eb vegj\u00eblve tuaj. Me sip\u00ebrfaqe t\u00eb drurit t\u00eb bardh\u00eb dhe kombinim t\u00eb ngjyr\u00ebs roz\u00eb t\u00eb hapur, kjo korniz\u00eb ka hap\u00ebsir\u00eb p\u00ebr t\u00eb vendosur 3 fotografi! Ruani kujtimet tuaja me vler\u00eb!<br \/>\n<strong>Dimensioni \/ Kompozicioni:<\/strong> 40x18cm<br \/>\n<strong>NGJYRA:<\/strong> Me dizajn<br \/>\n<strong>MATERIALI:<\/strong> Dru<br \/>\n<strong>UDH\u00cbZIMET E P\u00cbRDORIMIT:<\/strong> T\u00eb pastrohet me pastruese pluhuri<br \/>\n<strong>KUSHTET E KTHIMIT \/ GARANCION:<\/strong> P\u00ebr k\u00ebt\u00eb produkt pranohet reklamacion brenda 24 or\u00ebve pasi t\u00eb pranoni porosin\u00eb.<\/p>\n<p><span style=\"color: #ffffff;\">531023301080<\/span><\/p>\n","protected":false},"featured_media":33268,"template":"","meta":[],"product_cat":[54,183,53],"product_tag":[],"_links":{"self":[{"href":"https:\/\/www.comoditahome.com\/al\/wp-json\/wp\/v2\/product\/34609"}],"collection":[{"href":"https:\/\/www.comoditahome.com\/al\/wp-json\/wp\/v2\/product"}],"about":[{"href":"https:\/\/www.comoditahome.com\/al\/wp-json\/wp\/v2\/types\/product"}],"version-history":[{"count":1,"href":"https:\/\/www.comoditahome.com\/al\/wp-json\/wp\/v2\/product\/34609\/revisions"}],"predecessor-version":[{"id":71949,"href":"https:\/\/www.comoditahome.com\/al\/wp-json\/wp\/v2\/product\/34609\/revisions\/71949"}],"wp:featuredmedia":[{"embeddable":true,"href":"https:\/\/www.comoditahome.com\/al\/wp-json\/wp\/v2\/media\/33268"}],"wp:attachment":[{"href":"https:\/\/www.comoditahome.com\/al\/wp-json\/wp\/v2\/media?parent=34609"}],"wp:term":[{"taxonomy":"product_cat","embeddable":true,"href":"https:\/\/www.comoditahome.com\/al\/wp-json\/wp\/v2\/product_cat?post=34609"},{"taxonomy":"product_tag","embeddable":true,"href":"https:\/\/www.comoditahome.com\/al\/wp-json\/wp\/v2\/product_tag?post=34609"}],"curies":[{"name":"wp","href":"https:\/\/api.w.org\/{rel}","templated":true}]}}