 {"id":34613,"date":"2021-10-23T21:09:57","date_gmt":"2021-10-23T19:09:57","guid":{"rendered":"http:\/\/al.comoditahome.com\/?post_type=product&#038;p=34613"},"modified":"2026-05-07T09:34:04","modified_gmt":"2026-05-07T07:34:04","slug":"kalendar-unicorn","status":"publish","type":"product","link":"https:\/\/www.comoditahome.com\/al\/product\/kalendar-unicorn\/","title":{"rendered":"\u00c7ant\u00eb shpine Regent Dots"},"content":{"rendered":"","protected":false},"excerpt":{"rendered":"<p style=\"text-align: left;\">&#8220;\u00c7anta e shpin\u00ebs Regent Dots vjen e punuar me p\u00ebrpikm\u00ebri n\u00eb t\u00eb gjitha detajet dhe finesat estetike.<br \/>\nT\u00eb rafinuara n\u00eb pamje me tipare specifike, p\u00ebrforcuar nga shum\u00eb gjepa q\u00eb p\u00ebrpos gj\u00ebsendeve tjera personale, mund\u00ebson akomodim dhe sigurim t\u00eb shum\u00eb elementeve digjitale t\u00eb r\u00ebnd\u00ebsishme ditore.<br \/>\n\u00cbsht\u00eb e p\u00ebrb\u00ebr\u00eb nga materiale me pesh\u00eb t\u00eb leht\u00eb, njekoh\u00ebsisht shum\u00eb t\u00eb qendrueshme dhe rezistente ndaj lag\u00ebshtis\u00eb dhe ujit, p\u00ebrfshir\u00eb materiale textili t\u00eb forta, najloni, mikro-fije l\u00ebkure, patent t\u00eb q\u00ebndruesh\u00ebm, dor\u00ebza t\u00eb mbushura nga sfungjeri p\u00ebr mbajtje sa m\u00eb komode.<br \/>\nK\u00ebto \u00e7anta si tipar\u00eb t\u00eb ve\u00e7ant\u00eb kan\u00eb qasjen e leht\u00eb n\u00eb gj\u00ebrat tuaja p\u00ebrmes zinxhir\u00ebve t\u00eb zgjeruar dhe sistem mb\u00ebshtet\u00ebs p\u00ebr rehatin\u00eb e shpin\u00ebs me rrjet\u00eb mbushje 3D dhe krah\u00eb-mbajt\u00ebse me mund\u00ebsi t\u00eb p\u00ebrshtatjes. Xhepi kryesor \u00ebsht\u00eb me patent t\u00eb zgjatur, p\u00ebr mir\u00eborganizim t\u00eb gj\u00ebsendeve, p\u00ebrfshir\u00eb llaptopin dhe gj\u00ebsendet tjera personale t\u00eb p\u00ebrforcuara me mbushje sfungjeri p\u00ebr ruajtje nga tronditjet dhe me mund\u00ebsin\u00eb p\u00ebr t\u2019i nxjerr\u00eb ato sa m\u00eb leht\u00eb. Nj\u00eb USB port \u00ebsht\u00eb e vendosur n\u00eb gjepin an\u00ebsor p\u00ebr mbushje telefoni pa pasur nevoj\u00eb t\u00eb fusni at\u00eb brenda n\u00eb \u00e7ant\u00eb dhe nj\u00eb gjep me zingjir n\u00eb an\u00ebsore p\u00ebr t\u00eb mbajtur shishen.&#8221;<br \/>\n<strong>Dimensioni \/ Kompozicioni:<\/strong>\u00a0Dimensioni: 29&#215;18.5&#215;45.5 cm ; Kapaciteti 24L<br \/>\n<strong>NGJYRA:<\/strong> E zez\u00eb<br \/>\n<strong>MATERIALI:<\/strong> Poliest\u00ebr<br \/>\n<strong>UDH\u00cbZIMET E P\u00cbRDORIMIT:<\/strong>\u00a0T\u00eb pastrohet me dor\u00eb<br \/>\n<strong>KUSHTET E KTHIMIT \/ GARANCION:<\/strong> P\u00ebr k\u00ebt\u00eb produkt pranohet reklamacion brenda 24 or\u00ebve pasi t\u00eb pranoni porosin\u00eb.<\/p>\n<p><span style=\"color: #ffffff;\">5310233006010<\/span><\/p>\n","protected":false},"featured_media":36368,"template":"","meta":[],"product_cat":[90,88],"product_tag":[],"_links":{"self":[{"href":"https:\/\/www.comoditahome.com\/al\/wp-json\/wp\/v2\/product\/34613"}],"collection":[{"href":"https:\/\/www.comoditahome.com\/al\/wp-json\/wp\/v2\/product"}],"about":[{"href":"https:\/\/www.comoditahome.com\/al\/wp-json\/wp\/v2\/types\/product"}],"version-history":[{"count":1,"href":"https:\/\/www.comoditahome.com\/al\/wp-json\/wp\/v2\/product\/34613\/revisions"}],"predecessor-version":[{"id":81935,"href":"https:\/\/www.comoditahome.com\/al\/wp-json\/wp\/v2\/product\/34613\/revisions\/81935"}],"wp:featuredmedia":[{"embeddable":true,"href":"https:\/\/www.comoditahome.com\/al\/wp-json\/wp\/v2\/media\/36368"}],"wp:attachment":[{"href":"https:\/\/www.comoditahome.com\/al\/wp-json\/wp\/v2\/media?parent=34613"}],"wp:term":[{"taxonomy":"product_cat","embeddable":true,"href":"https:\/\/www.comoditahome.com\/al\/wp-json\/wp\/v2\/product_cat?post=34613"},{"taxonomy":"product_tag","embeddable":true,"href":"https:\/\/www.comoditahome.com\/al\/wp-json\/wp\/v2\/product_tag?post=34613"}],"curies":[{"name":"wp","href":"https:\/\/api.w.org\/{rel}","templated":true}]}}