 {"id":34618,"date":"2021-10-23T21:09:58","date_gmt":"2021-10-23T19:09:58","guid":{"rendered":"http:\/\/al.comoditahome.com\/?post_type=product&#038;p=34618"},"modified":"2026-04-23T09:00:07","modified_gmt":"2026-04-23T07:00:07","slug":"set-kutish-ushqimi-earthware","status":"publish","type":"product","link":"https:\/\/www.comoditahome.com\/al\/product\/set-kutish-ushqimi-earthware\/","title":{"rendered":"Set kutish ushqimi Earthware"},"content":{"rendered":"","protected":false},"excerpt":{"rendered":"<p style=\"text-align: left;\">Seti i kutive t\u00eb ushqimit nga linja Earthware, vjen i punuar me material \u00e7eramike dhe kapak selikoni. Ky set ofron tri kuti gjysm\u00eb rrethore n\u00eb tri madh\u00ebsi, duke leht\u00ebsuar mbrojtjen e ushqimit t\u00eb sigurt\u00eb. P\u00ebrdorni ato p\u00ebr t\u00eb b\u00ebr\u00eb gati vaktet e f\u00ebmij\u00ebve p\u00ebr shkoll\u00eb, kur ruani ushqimin p\u00ebr m\u00eb von\u00eb apo saher\u00eb q\u00eb udh\u00ebtoni.<br \/>\n<strong>Dimensioni \/ Kompozicioni:<\/strong> 6 cop\u00eb<br \/>\n<strong>NGJYRA:<\/strong> Me dizajn<br \/>\n<strong>MATERIALI:<\/strong> \u00c7eramik\u00eb dhe selikon<br \/>\n<strong>UDH\u00cbZIMET E P\u00cbRDORIMIT:<\/strong> T\u00eb pastrohet me Dor\u00eb<br \/>\n<strong>KUSHTET E KTHIMIT \/ GARANCION:<\/strong>P\u00ebr k\u00ebt\u00eb produkt pranohet reklamacion brenda 24 or\u00ebve pasi t\u00eb pranoni porosin\u00eb.<\/p>\n","protected":false},"featured_media":33324,"template":"","meta":[],"product_cat":[58,55,57],"product_tag":[],"_links":{"self":[{"href":"https:\/\/www.comoditahome.com\/al\/wp-json\/wp\/v2\/product\/34618"}],"collection":[{"href":"https:\/\/www.comoditahome.com\/al\/wp-json\/wp\/v2\/product"}],"about":[{"href":"https:\/\/www.comoditahome.com\/al\/wp-json\/wp\/v2\/types\/product"}],"version-history":[{"count":0,"href":"https:\/\/www.comoditahome.com\/al\/wp-json\/wp\/v2\/product\/34618\/revisions"}],"wp:featuredmedia":[{"embeddable":true,"href":"https:\/\/www.comoditahome.com\/al\/wp-json\/wp\/v2\/media\/33324"}],"wp:attachment":[{"href":"https:\/\/www.comoditahome.com\/al\/wp-json\/wp\/v2\/media?parent=34618"}],"wp:term":[{"taxonomy":"product_cat","embeddable":true,"href":"https:\/\/www.comoditahome.com\/al\/wp-json\/wp\/v2\/product_cat?post=34618"},{"taxonomy":"product_tag","embeddable":true,"href":"https:\/\/www.comoditahome.com\/al\/wp-json\/wp\/v2\/product_tag?post=34618"}],"curies":[{"name":"wp","href":"https:\/\/api.w.org\/{rel}","templated":true}]}}