 {"id":34623,"date":"2021-10-23T21:09:58","date_gmt":"2021-10-23T19:09:58","guid":{"rendered":"http:\/\/al.comoditahome.com\/?post_type=product&#038;p=34623"},"modified":"2026-04-23T09:00:08","modified_gmt":"2026-04-23T07:00:08","slug":"set-filxhanesh-kafeje-gold-arch","status":"publish","type":"product","link":"https:\/\/www.comoditahome.com\/al\/product\/set-filxhanesh-kafeje-gold-arch\/","title":{"rendered":"Set filxhan\u00ebsh kafeje Gold Arch"},"content":{"rendered":"","protected":false},"excerpt":{"rendered":"<p style=\"text-align: left;\">Seti i filxhan\u00ebve t\u00eb kefes\u00eb Gold Arch prezanton form\u00ebn e ve\u00e7ant\u00eb t\u00eb hijeshis\u00eb aristokrate me t\u00eb cil\u00ebn servimi i kafes\u00eb b\u00ebhet i paharruesh\u00ebm. Filxhan\u00ebt e k\u00ebtij seti kan\u00eb t\u00eb konturuara lule elegante me t\u00eb bardh\u00eb, n\u00eb sip\u00ebrfaqe hiri n\u00eb pjes\u00ebn e sip\u00ebrme t\u00eb filxhanit. Mbajt\u00ebsja e tyre \u00ebsht\u00eb e q\u00ebndrushme, nd\u00ebrsa forma e filxhanit e rrumbullakosur lejojn\u00eb arom\u00ebn e kafes\u00eb t\u00eb ekspozohet natyrsh\u00ebm. Materiali i fort\u00eb i porcelanit t\u00eb bardh\u00eb e b\u00ebn\u00eb k\u00ebt\u00eb set jet\u00ebgjat\u00eb dhe shum\u00eb t\u00eb leht\u00eb p\u00ebr t\u2019u mir\u00ebmbajtur.<br \/>\n<strong>Dimensioni \/ Kompozicioni:<\/strong> 100ml, 12 pjes\u00eb: 6x filxhan\u00eb, 6x pjat\u00ebza<br \/>\n<strong>NGJYRA:<\/strong> Me dizajn<br \/>\n<strong>MATERIALI:<\/strong> Porcelan<br \/>\n<strong>UDH\u00cbZIMET E P\u00cbRDORIMIT:<\/strong> T\u00eb pastrohet me Dor\u00eb<br \/>\n<strong>KUSHTET E KTHIMIT \/ GARANCION:<\/strong>P\u00ebr k\u00ebt\u00eb produkt pranohet reklamacion brenda 24 or\u00ebve pasi t\u00eb pranoni porosin\u00eb.<\/p>\n","protected":false},"featured_media":33351,"template":"","meta":[],"product_cat":[62,57],"product_tag":[],"_links":{"self":[{"href":"https:\/\/www.comoditahome.com\/al\/wp-json\/wp\/v2\/product\/34623"}],"collection":[{"href":"https:\/\/www.comoditahome.com\/al\/wp-json\/wp\/v2\/product"}],"about":[{"href":"https:\/\/www.comoditahome.com\/al\/wp-json\/wp\/v2\/types\/product"}],"version-history":[{"count":0,"href":"https:\/\/www.comoditahome.com\/al\/wp-json\/wp\/v2\/product\/34623\/revisions"}],"wp:featuredmedia":[{"embeddable":true,"href":"https:\/\/www.comoditahome.com\/al\/wp-json\/wp\/v2\/media\/33351"}],"wp:attachment":[{"href":"https:\/\/www.comoditahome.com\/al\/wp-json\/wp\/v2\/media?parent=34623"}],"wp:term":[{"taxonomy":"product_cat","embeddable":true,"href":"https:\/\/www.comoditahome.com\/al\/wp-json\/wp\/v2\/product_cat?post=34623"},{"taxonomy":"product_tag","embeddable":true,"href":"https:\/\/www.comoditahome.com\/al\/wp-json\/wp\/v2\/product_tag?post=34623"}],"curies":[{"name":"wp","href":"https:\/\/api.w.org\/{rel}","templated":true}]}}