 {"id":34626,"date":"2021-10-23T21:09:58","date_gmt":"2021-10-23T19:09:58","guid":{"rendered":"http:\/\/al.comoditahome.com\/?post_type=product&#038;p=34626"},"modified":"2026-04-23T09:00:08","modified_gmt":"2026-04-23T07:00:08","slug":"tabak-sherbimi-silver","status":"publish","type":"product","link":"https:\/\/www.comoditahome.com\/al\/product\/tabak-sherbimi-silver\/","title":{"rendered":"Tabak sh\u00ebrbimi Silver"},"content":{"rendered":"","protected":false},"excerpt":{"rendered":"<p style=\"text-align: left;\">Ky tabak sh\u00ebrbimi Silver ka sip\u00ebrfaqe t\u00eb punuar nga materiali i \u00e7elikut dhe vjen me dy doreza ergonomike me ngjyr\u00eb argjendi t\u00eb grafiruara me aq delikates\u00eb. Jepi kuzhines tuaj stil, q\u00eb prezantimet tuaja t\u00eb jen\u00eb sa m\u00eb elegante.<br \/>\n<strong>Dimensioni \/ Kompozicioni:<\/strong><br \/>\n<strong>NGJYRA:<\/strong> Silver<br \/>\n<strong>MATERIALI:<\/strong> \u00c7elik<br \/>\n<strong>UDH\u00cbZIMET E P\u00cbRDORIMIT:<\/strong> T\u00eb pastrohet me Dor\u00eb<br \/>\n<strong>KUSHTET E KTHIMIT \/ GARANCION:<\/strong>P\u00ebr k\u00ebt\u00eb produkt pranohet reklamacion brenda 24 or\u00ebve pasi t\u00eb pranoni porosin\u00eb.<\/p>\n","protected":false},"featured_media":33369,"template":"","meta":[],"product_cat":[55,60,57],"product_tag":[],"_links":{"self":[{"href":"https:\/\/www.comoditahome.com\/al\/wp-json\/wp\/v2\/product\/34626"}],"collection":[{"href":"https:\/\/www.comoditahome.com\/al\/wp-json\/wp\/v2\/product"}],"about":[{"href":"https:\/\/www.comoditahome.com\/al\/wp-json\/wp\/v2\/types\/product"}],"version-history":[{"count":0,"href":"https:\/\/www.comoditahome.com\/al\/wp-json\/wp\/v2\/product\/34626\/revisions"}],"wp:featuredmedia":[{"embeddable":true,"href":"https:\/\/www.comoditahome.com\/al\/wp-json\/wp\/v2\/media\/33369"}],"wp:attachment":[{"href":"https:\/\/www.comoditahome.com\/al\/wp-json\/wp\/v2\/media?parent=34626"}],"wp:term":[{"taxonomy":"product_cat","embeddable":true,"href":"https:\/\/www.comoditahome.com\/al\/wp-json\/wp\/v2\/product_cat?post=34626"},{"taxonomy":"product_tag","embeddable":true,"href":"https:\/\/www.comoditahome.com\/al\/wp-json\/wp\/v2\/product_tag?post=34626"}],"curies":[{"name":"wp","href":"https:\/\/api.w.org\/{rel}","templated":true}]}}