 {"id":34627,"date":"2021-10-23T21:09:58","date_gmt":"2021-10-23T19:09:58","guid":{"rendered":"http:\/\/al.comoditahome.com\/?post_type=product&#038;p=34627"},"modified":"2026-04-23T09:00:08","modified_gmt":"2026-04-23T07:00:08","slug":"set-filxhanesh-kafeje-plain","status":"publish","type":"product","link":"https:\/\/www.comoditahome.com\/al\/product\/set-filxhanesh-kafeje-plain\/","title":{"rendered":"Set filxhan\u00ebsh kafeje Plain"},"content":{"rendered":"","protected":false},"excerpt":{"rendered":"<p style=\"text-align: left;\">Seti i filxhan\u00ebve t\u00eb kafes\u00eb Plain prezanton form\u00ebn e ve\u00e7ant\u00eb t\u00eb thjesht\u00ebsis\u00eb me t\u00eb cil\u00ebn servimi i kafes\u00eb b\u00ebhet i paharruesh\u00ebm. Filxhan\u00ebt e k\u00ebtij seti jan\u00eb punuar n\u00eb material porcelani me sip\u00ebrfaqe t\u00eb bardh\u00eb p\u00ebr t&#8217;u p\u00ebrshtatur leht\u00ebsisht me t\u00eb gjitha rastet. Dizajni i tyre klasik dhe forma elegante, i mund\u00ebson p\u00ebrdorim jet\u00ebgjat\u00eb dhe i b\u00ebn\u00eb shum\u00eb t\u00eb leht\u00eb p\u00ebr t\u2019u mir\u00ebmbajtur.<br \/>\n<strong>Dimensioni \/ Kompozicioni:<\/strong> 100ml, 12 pjes\u00eb: 6x filxhan\u00eb, 6x pjat\u00ebza<br \/>\n<strong>NGJYRA:<\/strong> E bardh\u00eb<br \/>\n<strong>MATERIALI:<\/strong> Porcelan<br \/>\n<strong>UDH\u00cbZIMET E P\u00cbRDORIMIT:<\/strong> T\u00eb pastrohet me Dor\u00eb<br \/>\n<strong>KUSHTET E KTHIMIT \/ GARANCION:<\/strong>P\u00ebr k\u00ebt\u00eb produkt pranohet reklamacion brenda 24 or\u00ebve pasi t\u00eb pranoni porosin\u00eb.<\/p>\n","protected":false},"featured_media":33374,"template":"","meta":[],"product_cat":[62,57],"product_tag":[],"_links":{"self":[{"href":"https:\/\/www.comoditahome.com\/al\/wp-json\/wp\/v2\/product\/34627"}],"collection":[{"href":"https:\/\/www.comoditahome.com\/al\/wp-json\/wp\/v2\/product"}],"about":[{"href":"https:\/\/www.comoditahome.com\/al\/wp-json\/wp\/v2\/types\/product"}],"version-history":[{"count":0,"href":"https:\/\/www.comoditahome.com\/al\/wp-json\/wp\/v2\/product\/34627\/revisions"}],"wp:featuredmedia":[{"embeddable":true,"href":"https:\/\/www.comoditahome.com\/al\/wp-json\/wp\/v2\/media\/33374"}],"wp:attachment":[{"href":"https:\/\/www.comoditahome.com\/al\/wp-json\/wp\/v2\/media?parent=34627"}],"wp:term":[{"taxonomy":"product_cat","embeddable":true,"href":"https:\/\/www.comoditahome.com\/al\/wp-json\/wp\/v2\/product_cat?post=34627"},{"taxonomy":"product_tag","embeddable":true,"href":"https:\/\/www.comoditahome.com\/al\/wp-json\/wp\/v2\/product_tag?post=34627"}],"curies":[{"name":"wp","href":"https:\/\/api.w.org\/{rel}","templated":true}]}}