 {"id":34636,"date":"2021-10-23T21:10:07","date_gmt":"2021-10-23T19:10:07","guid":{"rendered":"http:\/\/al.comoditahome.com\/?post_type=product&#038;p=34636"},"modified":"2026-04-23T09:00:25","modified_gmt":"2026-04-23T07:00:25","slug":"mbulese-tavoline-jordan","status":"publish","type":"product","link":"https:\/\/www.comoditahome.com\/al\/product\/mbulese-tavoline-jordan\/","title":{"rendered":"Mbules\u00eb tavoline Jordan"},"content":{"rendered":"","protected":false},"excerpt":{"rendered":"<p>Seti i mbules\u00ebs s\u00eb tavolin\u00ebs Jordan \u00ebsht\u00eb qepur nga p\u00eblhura e but\u00eb prej pambuku. Me ngjyr\u00eb unike t\u00eb roz\u00ebs s\u00eb hapur dhe lule t\u00eb pikturuara n\u00eb t\u00ebr\u00eb tekstur\u00ebn, kjo mbules\u00eb do t\u2019i jep nj\u00eb pamje elegante tryez\u00ebs tuaj. Modeli i saj \u00ebsht\u00eb i p\u00ebrshtatsh\u00ebm p\u00ebr t\u2019u p\u00ebrdorur n\u00eb p\u00ebrditshm\u00ebri apo t\u00eb ndonj\u00eb rasti festiv. Shquhen p\u00ebr materialin e leht\u00eb p\u00ebr t\u2019u mir\u00ebmbajtur i cili mund t\u00eb lahet edhe n\u00eb makin\u00ebn e larjes s\u00eb rrobave.<br \/>\n<strong>Dimensioni \/ Kompozicioni:<\/strong> 160x220cm<br \/>\n<strong>NGJYRA:<\/strong> Roz\u00eb e hapur, Hir dhe e Bardh\u00eb<br \/>\n<strong>MATERIALI:<\/strong> 100% Pambuk<br \/>\n<strong>UDH\u00cbZIMET E P\u00cbRDORIMIT:<\/strong> N\u00eb makin\u00eb lar\u00ebse 30\u00b0C<br \/>\n<strong>KUSHTET E KTHIMIT \/ GARANCION:<\/strong>P\u00ebr k\u00ebt\u00eb produkt pranohet reklamacion brenda 24 or\u00ebve pasi t\u00eb pranoni porosin\u00eb.<\/p>\n","protected":false},"featured_media":33388,"template":"","meta":[],"product_cat":[93,57],"product_tag":[],"_links":{"self":[{"href":"https:\/\/www.comoditahome.com\/al\/wp-json\/wp\/v2\/product\/34636"}],"collection":[{"href":"https:\/\/www.comoditahome.com\/al\/wp-json\/wp\/v2\/product"}],"about":[{"href":"https:\/\/www.comoditahome.com\/al\/wp-json\/wp\/v2\/types\/product"}],"version-history":[{"count":0,"href":"https:\/\/www.comoditahome.com\/al\/wp-json\/wp\/v2\/product\/34636\/revisions"}],"wp:featuredmedia":[{"embeddable":true,"href":"https:\/\/www.comoditahome.com\/al\/wp-json\/wp\/v2\/media\/33388"}],"wp:attachment":[{"href":"https:\/\/www.comoditahome.com\/al\/wp-json\/wp\/v2\/media?parent=34636"}],"wp:term":[{"taxonomy":"product_cat","embeddable":true,"href":"https:\/\/www.comoditahome.com\/al\/wp-json\/wp\/v2\/product_cat?post=34636"},{"taxonomy":"product_tag","embeddable":true,"href":"https:\/\/www.comoditahome.com\/al\/wp-json\/wp\/v2\/product_tag?post=34636"}],"curies":[{"name":"wp","href":"https:\/\/api.w.org\/{rel}","templated":true}]}}