 {"id":34641,"date":"2024-10-01T21:10:08","date_gmt":"2024-10-01T19:10:08","guid":{"rendered":"http:\/\/al.comoditahome.com\/?post_type=product&#038;p=34641"},"modified":"2026-03-02T09:11:27","modified_gmt":"2026-03-02T07:11:27","slug":"nutri-fast-2","status":"publish","type":"product","link":"https:\/\/www.comoditahome.com\/al\/product\/nutri-fast-2\/","title":{"rendered":"Nutri Fast"},"content":{"rendered":"","protected":false},"excerpt":{"rendered":"<p style=\"text-align: left;\">Pajisja NutriFast me tehun e saj t\u00eb mpreht\u00eb b\u00ebn 25000 rrotullime p\u00ebr minut\u00eb me 1000w fuqi. Brisku i tij copton, bluan, dhe ekstrakton p\u00ebrb\u00ebr\u00ebsit pa i humbur vlerat ushqyese. P\u00ebrmes k\u00ebtij mikseri t\u00eb sofistikuar, ju do t\u00eb mund t\u00eb p\u00ebrgatisni smothie, bluani akullin, t\u00eb p\u00ebrgatisni salcat, p\u00ebrzieni p\u00ebrb\u00ebr\u00ebsit, apo t\u00eb finalizoni vakte m\u00ebngjesi t\u00eb shijshme. Me nj\u00eb dizajn kompakt dhe nj\u00eb kualitet t\u00eb shk\u00eblqyesh\u00ebm, kjo pajisje prezantohet me nj\u00eb p\u00ebrformanc\u00eb t\u00eb lart\u00eb t\u00eb miksimit t\u00eb p\u00ebrb\u00ebr\u00ebsve.<br \/>\n<strong>Dimensioni \/ Kompozicioni:<\/strong> 1000w | Pajisja vjen s\u00eb bashku me 1x got\u00eb 1L, 2x gota 800Ml, 1x \u00e7ant\u00eb speciale p\u00ebr bartjen e gotave, 3x kapak\u00eb praktik\u00eb p\u00ebr ruajtjen e pijeve, 1x libr\u00ebr t\u00eb udh\u00ebzimit dhe recetave p\u00ebr smoothie.<br \/>\n<strong>NGJYRA:<\/strong> I bardh\u00eb<br \/>\n<strong>MATERIALI:<\/strong> Elektrik\u00eb dhe plastik\u00eb<br \/>\n<strong>UDH\u00cbZIMET E P\u00cbRDORIMIT:<\/strong> N\u00eb makin\u00eb en\u00eblar\u00ebse ose me dor\u00eb, p\u00ebr detaje tjera rreth perdorimit konsultohuni me udh\u00ebzuesin.<br \/>\n<strong>KUSHTET E KTHIMIT \/ GARANCION:<\/strong> 6 Muaj<\/p>\n<p>&nbsp;<\/p>\n<p><span style=\"color: #ffffff;\">3907489180544<\/span><\/p>\n","protected":false},"featured_media":33397,"template":"","meta":[],"product_cat":[55,64],"product_tag":[],"_links":{"self":[{"href":"https:\/\/www.comoditahome.com\/al\/wp-json\/wp\/v2\/product\/34641"}],"collection":[{"href":"https:\/\/www.comoditahome.com\/al\/wp-json\/wp\/v2\/product"}],"about":[{"href":"https:\/\/www.comoditahome.com\/al\/wp-json\/wp\/v2\/types\/product"}],"version-history":[{"count":1,"href":"https:\/\/www.comoditahome.com\/al\/wp-json\/wp\/v2\/product\/34641\/revisions"}],"predecessor-version":[{"id":81905,"href":"https:\/\/www.comoditahome.com\/al\/wp-json\/wp\/v2\/product\/34641\/revisions\/81905"}],"wp:featuredmedia":[{"embeddable":true,"href":"https:\/\/www.comoditahome.com\/al\/wp-json\/wp\/v2\/media\/33397"}],"wp:attachment":[{"href":"https:\/\/www.comoditahome.com\/al\/wp-json\/wp\/v2\/media?parent=34641"}],"wp:term":[{"taxonomy":"product_cat","embeddable":true,"href":"https:\/\/www.comoditahome.com\/al\/wp-json\/wp\/v2\/product_cat?post=34641"},{"taxonomy":"product_tag","embeddable":true,"href":"https:\/\/www.comoditahome.com\/al\/wp-json\/wp\/v2\/product_tag?post=34641"}],"curies":[{"name":"wp","href":"https:\/\/api.w.org\/{rel}","templated":true}]}}