 {"id":34642,"date":"2023-09-01T21:10:08","date_gmt":"2023-09-01T19:10:08","guid":{"rendered":"http:\/\/al.comoditahome.com\/?post_type=product&#038;p=34642"},"modified":"2026-04-23T09:00:08","modified_gmt":"2026-04-23T07:00:08","slug":"set-thikash-umbra","status":"publish","type":"product","link":"https:\/\/www.comoditahome.com\/al\/product\/set-thikash-umbra\/","title":{"rendered":"Set thikash Umbra"},"content":{"rendered":"","protected":false},"excerpt":{"rendered":"<p style=\"text-align: left;\">Seti i thikave Umbra vler\u00ebsohet p\u00ebr form\u00ebn ergonomike, \u00e7ka i b\u00ebn\u00eb tejet t\u00eb lehta p\u00ebr p\u00ebrdorim t\u00eb p\u00ebrditsh\u00ebm dhe mjaftuesh\u00ebm kontribuese n\u00eb shpejt\u00ebsin\u00eb dhe efikasitetin gjat\u00eb gatimit. T\u00eb form\u00ebsuara n\u00eb dimensione t\u00eb ndryshme, secila nga 5 llojet ju ofron precizitet dhe sakt\u00ebsi gjat\u00eb prerjes. Seti, me mbajt\u00ebsen e tij moderne, mund t\u00eb q\u00ebndroj i ekspozuar edhe mbi banakun e kuzhin\u00ebs duke hijeshuar hap\u00ebsir\u00ebn.<br \/>\n<strong>Dimensioni \/ Kompozicioni:<\/strong> Seti me 5 thika (Thik\u00eb kuzhine, thik\u00eb p\u00ebr prerjen e mishit, thik\u00eb buke, thik\u00eb p\u00ebr fruta dhe perime, thik\u00eb e vog\u00ebl p\u00ebr fruta dhe perime) dhe nj\u00eb mbajt\u00ebse.<br \/>\n<strong>NGJYRA:<\/strong> Me dizajn<br \/>\n<strong>MATERIALI:<\/strong> \u00c7elik dhe mbajt\u00ebse druri<br \/>\n<strong>UDH\u00cbZIMET E P\u00cbRDORIMIT:<\/strong> T\u00eb pastrohet me Dor\u00eb<br \/>\n<strong>KUSHTET E KTHIMIT \/ GARANCION:<\/strong> P\u00ebr k\u00ebt\u00eb produkt pranohet reklamacion brenda 24 or\u00ebve pasi t\u00eb pranoni porosin\u00eb.<\/p>\n","protected":false},"featured_media":33416,"template":"","meta":[],"product_cat":[55,152,59,57],"product_tag":[],"_links":{"self":[{"href":"https:\/\/www.comoditahome.com\/al\/wp-json\/wp\/v2\/product\/34642"}],"collection":[{"href":"https:\/\/www.comoditahome.com\/al\/wp-json\/wp\/v2\/product"}],"about":[{"href":"https:\/\/www.comoditahome.com\/al\/wp-json\/wp\/v2\/types\/product"}],"version-history":[{"count":1,"href":"https:\/\/www.comoditahome.com\/al\/wp-json\/wp\/v2\/product\/34642\/revisions"}],"predecessor-version":[{"id":67266,"href":"https:\/\/www.comoditahome.com\/al\/wp-json\/wp\/v2\/product\/34642\/revisions\/67266"}],"wp:featuredmedia":[{"embeddable":true,"href":"https:\/\/www.comoditahome.com\/al\/wp-json\/wp\/v2\/media\/33416"}],"wp:attachment":[{"href":"https:\/\/www.comoditahome.com\/al\/wp-json\/wp\/v2\/media?parent=34642"}],"wp:term":[{"taxonomy":"product_cat","embeddable":true,"href":"https:\/\/www.comoditahome.com\/al\/wp-json\/wp\/v2\/product_cat?post=34642"},{"taxonomy":"product_tag","embeddable":true,"href":"https:\/\/www.comoditahome.com\/al\/wp-json\/wp\/v2\/product_tag?post=34642"}],"curies":[{"name":"wp","href":"https:\/\/api.w.org\/{rel}","templated":true}]}}