 {"id":34643,"date":"2021-10-23T21:10:08","date_gmt":"2021-10-23T19:10:08","guid":{"rendered":"http:\/\/al.comoditahome.com\/?post_type=product&#038;p=34643"},"modified":"2026-04-23T09:00:08","modified_gmt":"2026-04-23T07:00:08","slug":"protektor-shtrati-comodita","status":"publish","type":"product","link":"https:\/\/www.comoditahome.com\/al\/product\/protektor-shtrati-comodita\/","title":{"rendered":"Protektor shtrati Comodita"},"content":{"rendered":"","protected":false},"excerpt":{"rendered":"<p style=\"text-align: left;\">Protektori i shtratit Comodita \u00ebsht\u00eb mbrojt\u00ebsi kryesor i dyshekut tuaj. Ai e mbron at\u00eb nga d\u00ebmtimet dhe papast\u00ebrtit\u00eb, nd\u00ebrsa paralelisht me k\u00ebt\u00eb, siguron nj\u00eb sip\u00ebrfaqe t\u00eb parr\u00ebshqitshme p\u00ebr \u00e7ar\u00e7af\u00ebt. Vjen n\u00eb ngjyr\u00eb t\u00eb bardh\u00eb, t\u00eb theksuar me nj\u00eb vij\u00eb t\u00eb trrash\u00eb me k\u00ebnde t\u00eb rrumbullakosura dhe qepje simetrike n\u00eb t\u00ebr\u00eb sip\u00ebrfaqen.<br \/>\n<strong>Dimensioni \/ Kompozicioni:<\/strong> 200x90cm, 200x160cm, 200x180cm dhe 200x200cm<br \/>\n<strong>NGJYRA:<\/strong> E bardh\u00eb<br \/>\n<strong>MATERIALI:<\/strong> 100% Pambuk<br \/>\n<strong>UDH\u00cbZIMET E P\u00cbRDORIMIT:<\/strong> N\u00eb makin\u00eb lar\u00ebse 30\u00b0C<br \/>\n<strong>KUSHTET E KTHIMIT \/ GARANCION:<\/strong> P\u00ebr shkak t\u00eb kontaktit me higjien\u00eb personale, p\u00ebr produktet e tekstilit nuk pranohen kthime apo reklamacione.<\/p>\n<p>&nbsp;<\/p>\n<p><span style=\"color: #ffffff;\">5310233007949<\/span><\/p>\n<p><span style=\"color: #ffffff;\">5310233007550<\/span><\/p>\n<p><span style=\"color: #ffffff;\">5310233008069<\/span><\/p>\n<p><span style=\"color: #ffffff;\">5310233008052<\/span><\/p>\n","protected":false},"featured_media":33421,"template":"","meta":[],"product_cat":[51,86,94],"product_tag":[],"_links":{"self":[{"href":"https:\/\/www.comoditahome.com\/al\/wp-json\/wp\/v2\/product\/34643"}],"collection":[{"href":"https:\/\/www.comoditahome.com\/al\/wp-json\/wp\/v2\/product"}],"about":[{"href":"https:\/\/www.comoditahome.com\/al\/wp-json\/wp\/v2\/types\/product"}],"version-history":[{"count":0,"href":"https:\/\/www.comoditahome.com\/al\/wp-json\/wp\/v2\/product\/34643\/revisions"}],"wp:featuredmedia":[{"embeddable":true,"href":"https:\/\/www.comoditahome.com\/al\/wp-json\/wp\/v2\/media\/33421"}],"wp:attachment":[{"href":"https:\/\/www.comoditahome.com\/al\/wp-json\/wp\/v2\/media?parent=34643"}],"wp:term":[{"taxonomy":"product_cat","embeddable":true,"href":"https:\/\/www.comoditahome.com\/al\/wp-json\/wp\/v2\/product_cat?post=34643"},{"taxonomy":"product_tag","embeddable":true,"href":"https:\/\/www.comoditahome.com\/al\/wp-json\/wp\/v2\/product_tag?post=34643"}],"curies":[{"name":"wp","href":"https:\/\/api.w.org\/{rel}","templated":true}]}}