 {"id":34650,"date":"2021-10-23T21:10:09","date_gmt":"2021-10-23T19:10:09","guid":{"rendered":"http:\/\/al.comoditahome.com\/?post_type=product&#038;p=34650"},"modified":"2026-05-07T09:34:05","modified_gmt":"2026-05-07T07:34:05","slug":"tigan-comodita","status":"publish","type":"product","link":"https:\/\/www.comoditahome.com\/al\/product\/tigan-comodita\/","title":{"rendered":"Tigan Comodita"},"content":{"rendered":"","protected":false},"excerpt":{"rendered":"<p style=\"text-align: left;\">Tigani Comodita \u00ebsht\u00eb punuar n\u00eb form\u00eb t\u00eb rrumbullak\u00ebt me pamje graniti i kombinuar me nj\u00eb dorez\u00eb t\u00eb zez\u00eb ergonomike. Sip\u00ebrfaqja e tij e shesht\u00eb, ndikon q\u00eb nxeht\u00ebsia t\u00eb shpr\u00ebndahet paralelisht n\u00eb t\u00ebr\u00eb hap\u00ebsir\u00ebn, duke pjekur \u00e7do p\u00ebrb\u00ebr\u00ebs nj\u00ebtrajtsh\u00ebm.<br \/>\n<strong>Dimensioni \/ Kompozicioni:<\/strong> 24cm<br \/>\n<strong>NGJYRA:<\/strong> Me dizajn<br \/>\n<strong>MATERIALI:<\/strong> Gur\u00eb<br \/>\n<strong>UDH\u00cbZIMET E P\u00cbRDORIMIT:<\/strong> T\u00eb pastrohet me dor\u00eb<br \/>\n<strong>KUSHTET E KTHIMIT \/ GARANCION:<\/strong> P\u00ebr k\u00ebt\u00eb produkt pranohet reklamacion brenda 24 or\u00ebve pasi t\u00eb pranoni porosin\u00eb.<\/p>\n","protected":false},"featured_media":33442,"template":"","meta":[],"product_cat":[183,56,55],"product_tag":[],"_links":{"self":[{"href":"https:\/\/www.comoditahome.com\/al\/wp-json\/wp\/v2\/product\/34650"}],"collection":[{"href":"https:\/\/www.comoditahome.com\/al\/wp-json\/wp\/v2\/product"}],"about":[{"href":"https:\/\/www.comoditahome.com\/al\/wp-json\/wp\/v2\/types\/product"}],"version-history":[{"count":1,"href":"https:\/\/www.comoditahome.com\/al\/wp-json\/wp\/v2\/product\/34650\/revisions"}],"predecessor-version":[{"id":71963,"href":"https:\/\/www.comoditahome.com\/al\/wp-json\/wp\/v2\/product\/34650\/revisions\/71963"}],"wp:featuredmedia":[{"embeddable":true,"href":"https:\/\/www.comoditahome.com\/al\/wp-json\/wp\/v2\/media\/33442"}],"wp:attachment":[{"href":"https:\/\/www.comoditahome.com\/al\/wp-json\/wp\/v2\/media?parent=34650"}],"wp:term":[{"taxonomy":"product_cat","embeddable":true,"href":"https:\/\/www.comoditahome.com\/al\/wp-json\/wp\/v2\/product_cat?post=34650"},{"taxonomy":"product_tag","embeddable":true,"href":"https:\/\/www.comoditahome.com\/al\/wp-json\/wp\/v2\/product_tag?post=34650"}],"curies":[{"name":"wp","href":"https:\/\/api.w.org\/{rel}","templated":true}]}}