 {"id":34651,"date":"2021-10-23T21:10:09","date_gmt":"2021-10-23T19:10:09","guid":{"rendered":"http:\/\/al.comoditahome.com\/?post_type=product&#038;p=34651"},"modified":"2026-04-09T11:54:44","modified_gmt":"2026-04-09T09:54:44","slug":"ulese-katrore","status":"publish","type":"product","link":"https:\/\/www.comoditahome.com\/al\/product\/ulese-katrore\/","title":{"rendered":"Ul\u00ebse katrore"},"content":{"rendered":"","protected":false},"excerpt":{"rendered":"<p style=\"text-align: left;\">Ul\u00ebsja e qepur n\u00eb form\u00eb katrore \u00ebsht\u00eb e p\u00ebrshtatshme p\u00ebr t&#8217;u vendosur n\u00eb pothuajse \u00e7do karrike. Njihet p\u00ebr kualitet dhe q\u00ebndrueshm\u00ebri. Dizajni i saj ka nj\u00eb form\u00eb t\u00eb rafinuar e cila stabilizohet me dy lidh\u00ebse q\u00eb lidhen me shpin\u00ebn e karrig\u00ebs. Ul\u00ebsja ofron nj\u00eb komoditet t\u00eb pakrahasuesh\u00ebm.<br \/>\n<strong>Dimensioni \/ Kompozicioni:<\/strong> 46x46x4cm<br \/>\n<strong>NGJYRA:<\/strong> Ngjyra mund t\u00eb jet\u00eb e llojllojshme<br \/>\n<strong>MATERIALI:<\/strong> Kombinim i shkum\u00ebs Memory me mb\u00ebshtjell\u00ebs pambuku<br \/>\n<strong>UDH\u00cbZIMET E P\u00cbRDORIMIT:<\/strong> Mund t\u00eb lahet vet\u00ebm mb\u00ebshtjell\u00ebsi i jasht\u00ebm<br \/>\n<strong>KUSHTET E KTHIMIT \/ GARANCION:<\/strong> P\u00ebr k\u00ebt\u00eb produkt pranohet reklamacion brenda 24 or\u00ebve pasi t\u00eb pranoni porosin\u00eb.<\/p>\n","protected":false},"featured_media":33447,"template":"","meta":[],"product_cat":[183,49],"product_tag":[],"_links":{"self":[{"href":"https:\/\/www.comoditahome.com\/al\/wp-json\/wp\/v2\/product\/34651"}],"collection":[{"href":"https:\/\/www.comoditahome.com\/al\/wp-json\/wp\/v2\/product"}],"about":[{"href":"https:\/\/www.comoditahome.com\/al\/wp-json\/wp\/v2\/types\/product"}],"version-history":[{"count":0,"href":"https:\/\/www.comoditahome.com\/al\/wp-json\/wp\/v2\/product\/34651\/revisions"}],"wp:featuredmedia":[{"embeddable":true,"href":"https:\/\/www.comoditahome.com\/al\/wp-json\/wp\/v2\/media\/33447"}],"wp:attachment":[{"href":"https:\/\/www.comoditahome.com\/al\/wp-json\/wp\/v2\/media?parent=34651"}],"wp:term":[{"taxonomy":"product_cat","embeddable":true,"href":"https:\/\/www.comoditahome.com\/al\/wp-json\/wp\/v2\/product_cat?post=34651"},{"taxonomy":"product_tag","embeddable":true,"href":"https:\/\/www.comoditahome.com\/al\/wp-json\/wp\/v2\/product_tag?post=34651"}],"curies":[{"name":"wp","href":"https:\/\/api.w.org\/{rel}","templated":true}]}}