 {"id":34657,"date":"2021-10-23T21:10:09","date_gmt":"2021-10-23T19:10:09","guid":{"rendered":"http:\/\/al.comoditahome.com\/?post_type=product&#038;p=34657"},"modified":"2026-05-07T09:34:05","modified_gmt":"2026-05-07T07:34:05","slug":"set-bodymantelesh-victoria","status":"publish","type":"product","link":"https:\/\/www.comoditahome.com\/al\/product\/set-bodymantelesh-victoria\/","title":{"rendered":"Set bodymantel\u00ebsh Victoria"},"content":{"rendered":"","protected":false},"excerpt":{"rendered":"<p style=\"text-align: left;\">Seti i bodymantel\u00ebve Victoria vjen me nj\u00eb qepje klasike n\u00eb ngjyr\u00eb t\u00eb kombinuara vjollc\u00eb e mbyllt\u00eb dhe krem dhe me detaje t\u00eb vogla t\u00eb q\u00ebndisura me fines\u00eb. Secila pjes\u00eb e k\u00ebtij seti \u00ebsht\u00eb tejet e but\u00eb n\u00eb kontakt me trupin dhe p\u00ebr shkak t\u00eb materialit cil\u00ebsor, seti cil\u00ebsohet jet\u00ebgjat\u00eb dhe modeli m\u00eb i preferuar i juaji! Victoria vjen i paketuar n\u00eb kuti prej kartoni, \u00e7ka e b\u00ebn\u00eb t\u00eb listohet tek idet\u00eb m\u00eb t\u00eb bukura p\u00ebr dhurat\u00eb t\u00eb m\u00eb t\u00eb dashurve tuaj.<br \/>\n<strong>Dimensioni \/ Kompozicioni:<\/strong> Set me 8 pjes\u00eb: 2x bodymantel (Mas\u00eb standarde), 2x peshqira 150x90cm, 2x peshqira 50x90cm, 2x pal\u00eb shapka.<br \/>\n<strong>NGJYRA:<\/strong> Me dizajn<br \/>\n<strong>MATERIALI:<\/strong> 100% Pambuk<br \/>\n<strong>UDH\u00cbZIMET E P\u00cbRDORIMIT:<\/strong> N\u00eb makin\u00eb lar\u00ebse 30\u00b0C<br \/>\n<strong>KUSHTET E KTHIMIT \/ GARANCION:<\/strong> P\u00ebr shkak t\u00eb kontaktit me higjien\u00eb personale, p\u00ebr produktet e tekstilit nuk pranohen kthime apo reklamacione.<br \/>\n<span style=\"color: #ffffff;\">3907489140845<\/span><\/p>\n","protected":false},"featured_media":33484,"template":"","meta":[],"product_cat":[97,98],"product_tag":[],"_links":{"self":[{"href":"https:\/\/www.comoditahome.com\/al\/wp-json\/wp\/v2\/product\/34657"}],"collection":[{"href":"https:\/\/www.comoditahome.com\/al\/wp-json\/wp\/v2\/product"}],"about":[{"href":"https:\/\/www.comoditahome.com\/al\/wp-json\/wp\/v2\/types\/product"}],"version-history":[{"count":1,"href":"https:\/\/www.comoditahome.com\/al\/wp-json\/wp\/v2\/product\/34657\/revisions"}],"predecessor-version":[{"id":36494,"href":"https:\/\/www.comoditahome.com\/al\/wp-json\/wp\/v2\/product\/34657\/revisions\/36494"}],"wp:featuredmedia":[{"embeddable":true,"href":"https:\/\/www.comoditahome.com\/al\/wp-json\/wp\/v2\/media\/33484"}],"wp:attachment":[{"href":"https:\/\/www.comoditahome.com\/al\/wp-json\/wp\/v2\/media?parent=34657"}],"wp:term":[{"taxonomy":"product_cat","embeddable":true,"href":"https:\/\/www.comoditahome.com\/al\/wp-json\/wp\/v2\/product_cat?post=34657"},{"taxonomy":"product_tag","embeddable":true,"href":"https:\/\/www.comoditahome.com\/al\/wp-json\/wp\/v2\/product_tag?post=34657"}],"curies":[{"name":"wp","href":"https:\/\/api.w.org\/{rel}","templated":true}]}}