 {"id":34659,"date":"2022-10-23T21:10:10","date_gmt":"2022-10-23T19:10:10","guid":{"rendered":"http:\/\/al.comoditahome.com\/?post_type=product&#038;p=34659"},"modified":"2026-05-07T09:34:06","modified_gmt":"2026-05-07T07:34:06","slug":"set-aksesoresh-per-banjo-pumkin","status":"publish","type":"product","link":"https:\/\/www.comoditahome.com\/al\/product\/set-aksesoresh-per-banjo-pumkin\/","title":{"rendered":"Set aksesor\u00ebsh p\u00ebr banjo Pumkin"},"content":{"rendered":"","protected":false},"excerpt":{"rendered":"<p style=\"text-align: left;\">Seti i aksesor\u00ebve p\u00ebr banjo me nj\u00eb ngjyrim fin, e nd\u00ebrtuar n\u00eb material cil\u00ebsor me rafinime vijash precize n\u00eb t\u00ebr\u00eb sip\u00ebrfaqen. Me hijeshin\u00eb q\u00eb prezanton, ky set do t\u00eb ndihmoj n\u00eb ekspozimin ende m\u00eb t\u00eb bukur t\u00eb sapunit, shampos\u00eb, brushave t\u00eb dh\u00ebmb\u00ebve dhe furq\u00ebs s\u00eb tualetit.<br \/>\n<strong>Dimensioni \/ Kompozicioni:<\/strong> Set me 4 pjes\u00eb: 1x got\u00eb p\u00ebr brusha dh\u00ebmb\u00ebsh, 1x got\u00eb p\u00ebr shampo t\u00eb l\u00ebngsh\u00ebm, 1x pjat\u00eb p\u00ebr sapun, 1x furq\u00eb tualeti.<br \/>\n<strong>NGJYRA:<\/strong> Portokall e mbyllt\u00eb<br \/>\n<strong>MATERIALI:<\/strong> Qeramik\u00eb<br \/>\n<strong>UDH\u00cbZIMET E P\u00cbRDORIMIT:<\/strong> T\u00eb pastrohet me dor\u00eb<br \/>\n<strong>KUSHTET E KTHIMIT \/ GARANCION:<\/strong> P\u00ebr k\u00ebt\u00eb produkt pranohet reklamacion brenda 24 or\u00ebve pasi t\u00eb pranoni porosin\u00eb.<br \/>\n<span style=\"color: #ffffff;\">3907489140920<\/span><\/p>\n","protected":false},"featured_media":33494,"template":"","meta":[],"product_cat":[99,97],"product_tag":[],"_links":{"self":[{"href":"https:\/\/www.comoditahome.com\/al\/wp-json\/wp\/v2\/product\/34659"}],"collection":[{"href":"https:\/\/www.comoditahome.com\/al\/wp-json\/wp\/v2\/product"}],"about":[{"href":"https:\/\/www.comoditahome.com\/al\/wp-json\/wp\/v2\/types\/product"}],"version-history":[{"count":1,"href":"https:\/\/www.comoditahome.com\/al\/wp-json\/wp\/v2\/product\/34659\/revisions"}],"predecessor-version":[{"id":81931,"href":"https:\/\/www.comoditahome.com\/al\/wp-json\/wp\/v2\/product\/34659\/revisions\/81931"}],"wp:featuredmedia":[{"embeddable":true,"href":"https:\/\/www.comoditahome.com\/al\/wp-json\/wp\/v2\/media\/33494"}],"wp:attachment":[{"href":"https:\/\/www.comoditahome.com\/al\/wp-json\/wp\/v2\/media?parent=34659"}],"wp:term":[{"taxonomy":"product_cat","embeddable":true,"href":"https:\/\/www.comoditahome.com\/al\/wp-json\/wp\/v2\/product_cat?post=34659"},{"taxonomy":"product_tag","embeddable":true,"href":"https:\/\/www.comoditahome.com\/al\/wp-json\/wp\/v2\/product_tag?post=34659"}],"curies":[{"name":"wp","href":"https:\/\/api.w.org\/{rel}","templated":true}]}}