 {"id":34661,"date":"2021-10-23T21:10:10","date_gmt":"2021-10-23T19:10:10","guid":{"rendered":"http:\/\/al.comoditahome.com\/?post_type=product&#038;p=34661"},"modified":"2026-05-07T09:34:06","modified_gmt":"2026-05-07T07:34:06","slug":"set-aksesoresh-per-banjo-blur","status":"publish","type":"product","link":"https:\/\/www.comoditahome.com\/al\/product\/set-aksesoresh-per-banjo-blur\/","title":{"rendered":"Set aksesor\u00ebsh p\u00ebr banjo Blur"},"content":{"rendered":"","protected":false},"excerpt":{"rendered":"<p style=\"text-align: left;\">Seti i aksesor\u00ebve p\u00ebr banjo Blur me ngjyrim t\u00eb bardh\u00eb t\u00eb turbult dhe shkronja t\u00eb zeza n\u00eb kaligrafi interesante. E nd\u00ebrtuar n\u00eb material cil\u00ebsor, secila pjes\u00eb e setit \u00ebsht\u00eb rafinuar n\u00eb perfeksion me em\u00ebrtime n\u00eb qend\u00ebr t\u00eb sip\u00ebrfaqes . Me hijeshin\u00eb q\u00eb prezanton, ky set do t\u00eb ndihmoj n\u00eb ekspozimin ende m\u00eb t\u00eb bukur t\u00eb sapunit t\u00eb l\u00ebngsh\u00ebm, ruajtjen e pambukut, brushave t\u00eb dh\u00ebmb\u00ebve dhe furq\u00ebs s\u00eb tualetit.<br \/>\n<strong>Dimensioni \/ Kompozicioni:<\/strong> Set me 4 pjes\u00eb: 1x got\u00eb p\u00ebr brusha dh\u00ebmb\u00ebsh, 1x got\u00eb p\u00ebr shampo t\u00eb l\u00ebngsh\u00ebm, 1x got\u00eb p\u00ebr ruajten e pambukut, 1x furq\u00eb tualeti.<br \/>\n<strong>NGJYRA:<\/strong> Transparente me nuanc\u00eb t\u00eb bardh\u00eb<br \/>\n<strong>MATERIALI:<\/strong> Qeramik\u00eb<br \/>\n<strong>UDH\u00cbZIMET E P\u00cbRDORIMIT:<\/strong> T\u00eb pastrohet me dor\u00eb<br \/>\n<strong>KUSHTET E KTHIMIT \/ GARANCION:<\/strong> P\u00ebr k\u00ebt\u00eb produkt pranohet reklamacion brenda 24 or\u00ebve pasi t\u00eb pranoni porosin\u00eb.<\/p>\n<p><span style=\"color: #ffffff;\">3907489140951<\/span><\/p>\n","protected":false},"featured_media":33508,"template":"","meta":[],"product_cat":[99,97],"product_tag":[],"_links":{"self":[{"href":"https:\/\/www.comoditahome.com\/al\/wp-json\/wp\/v2\/product\/34661"}],"collection":[{"href":"https:\/\/www.comoditahome.com\/al\/wp-json\/wp\/v2\/product"}],"about":[{"href":"https:\/\/www.comoditahome.com\/al\/wp-json\/wp\/v2\/types\/product"}],"version-history":[{"count":0,"href":"https:\/\/www.comoditahome.com\/al\/wp-json\/wp\/v2\/product\/34661\/revisions"}],"wp:featuredmedia":[{"embeddable":true,"href":"https:\/\/www.comoditahome.com\/al\/wp-json\/wp\/v2\/media\/33508"}],"wp:attachment":[{"href":"https:\/\/www.comoditahome.com\/al\/wp-json\/wp\/v2\/media?parent=34661"}],"wp:term":[{"taxonomy":"product_cat","embeddable":true,"href":"https:\/\/www.comoditahome.com\/al\/wp-json\/wp\/v2\/product_cat?post=34661"},{"taxonomy":"product_tag","embeddable":true,"href":"https:\/\/www.comoditahome.com\/al\/wp-json\/wp\/v2\/product_tag?post=34661"}],"curies":[{"name":"wp","href":"https:\/\/api.w.org\/{rel}","templated":true}]}}