 {"id":34662,"date":"2021-10-23T21:10:10","date_gmt":"2021-10-23T19:10:10","guid":{"rendered":"http:\/\/al.comoditahome.com\/?post_type=product&#038;p=34662"},"modified":"2026-05-07T09:34:06","modified_gmt":"2026-05-07T07:34:06","slug":"set-aksesoresh-per-banjo-polyresin","status":"publish","type":"product","link":"https:\/\/www.comoditahome.com\/al\/product\/set-aksesoresh-per-banjo-polyresin\/","title":{"rendered":"Set aksesor\u00ebsh p\u00ebr banjo Polyresin"},"content":{"rendered":"","protected":false},"excerpt":{"rendered":"<p style=\"text-align: left;\">Seti i aksesor\u00ebve p\u00ebr banjo Polyresin me nj\u00eb ngjyrim fin t\u00eb zi, q\u00eb p\u00ebr\u00e7on eleganc\u00eb p\u00ebr nj\u00eb stilim unik. E nd\u00ebrtuar n\u00eb material cil\u00ebsor, secila pjes\u00eb e setit \u00ebsht\u00eb rafinuar n\u00eb perfeksion, me sip\u00ebrfaqe t\u00eb zez\u00eb dhe nj\u00eb pllak\u00eb t\u00eb art\u00eb me em\u00ebrim n\u00eb k\u00ebnd. Me hijeshin\u00eb q\u00eb prezanton, ky set do t\u00eb ndihmoj n\u00eb ekspozimin ende m\u00eb t\u00eb bukur t\u00eb sapunit, shampos\u00eb, brushave t\u00eb dh\u00ebmb\u00ebve dhe furq\u00ebs s\u00eb tualetit.<br \/>\n<strong>Dimensioni \/ Kompozicioni:<\/strong> Set me 4 pjes\u00eb: 1x got\u00eb p\u00ebr brusha dh\u00ebmb\u00ebsh, 1x got\u00eb p\u00ebr shampo t\u00eb l\u00ebngsh\u00ebm, 1x pjat\u00eb p\u00ebr sapun, 1x furq\u00eb tualeti.<br \/>\n<strong>NGJYRA:<\/strong> Transparente me nuanc\u00eb t\u00eb bardh\u00eb<br \/>\n<strong>MATERIALI:<\/strong> E zez\u00eb<br \/>\n<strong>UDH\u00cbZIMET E P\u00cbRDORIMIT:<\/strong> T\u00eb pastrohet me dor\u00eb<br \/>\n<strong>KUSHTET E KTHIMIT \/ GARANCION:<\/strong> P\u00ebr k\u00ebt\u00eb produkt pranohet reklamacion brenda 24 or\u00ebve pasi t\u00eb pranoni porosin\u00eb.<br \/>\n<span style=\"color: #ffffff;\">3907489140968<\/span><\/p>\n","protected":false},"featured_media":33513,"template":"","meta":[],"product_cat":[99,97],"product_tag":[],"_links":{"self":[{"href":"https:\/\/www.comoditahome.com\/al\/wp-json\/wp\/v2\/product\/34662"}],"collection":[{"href":"https:\/\/www.comoditahome.com\/al\/wp-json\/wp\/v2\/product"}],"about":[{"href":"https:\/\/www.comoditahome.com\/al\/wp-json\/wp\/v2\/types\/product"}],"version-history":[{"count":1,"href":"https:\/\/www.comoditahome.com\/al\/wp-json\/wp\/v2\/product\/34662\/revisions"}],"predecessor-version":[{"id":54395,"href":"https:\/\/www.comoditahome.com\/al\/wp-json\/wp\/v2\/product\/34662\/revisions\/54395"}],"wp:featuredmedia":[{"embeddable":true,"href":"https:\/\/www.comoditahome.com\/al\/wp-json\/wp\/v2\/media\/33513"}],"wp:attachment":[{"href":"https:\/\/www.comoditahome.com\/al\/wp-json\/wp\/v2\/media?parent=34662"}],"wp:term":[{"taxonomy":"product_cat","embeddable":true,"href":"https:\/\/www.comoditahome.com\/al\/wp-json\/wp\/v2\/product_cat?post=34662"},{"taxonomy":"product_tag","embeddable":true,"href":"https:\/\/www.comoditahome.com\/al\/wp-json\/wp\/v2\/product_tag?post=34662"}],"curies":[{"name":"wp","href":"https:\/\/api.w.org\/{rel}","templated":true}]}}